{"id":3635,"date":"2024-06-17T17:41:19","date_gmt":"2024-06-17T09:41:19","guid":{"rendered":"https:\/\/carbonchallenge.concentrix.com\/hakkinda\/"},"modified":"2025-08-08T16:36:52","modified_gmt":"2025-08-08T08:36:52","slug":"hakkinda","status":"publish","type":"page","link":"https:\/\/carbonchallenge.concentrix.com\/tr\/hakkinda\/","title":{"rendered":"Hakk\u0131nda"},"content":{"rendered":"\t\t<div data-elementor-type=\"wp-page\" data-elementor-id=\"3635\" class=\"elementor elementor-3635 elementor-197\" data-elementor-post-type=\"page\">\n\t\t\t\t\t\t<section class=\"elementor-section elementor-top-section elementor-element elementor-element-531e986 elementor-section-boxed elementor-section-height-default elementor-section-height-default\" data-id=\"531e986\" data-element_type=\"section\" data-e-type=\"section\" data-settings=\"{&quot;background_background&quot;:&quot;classic&quot;}\">\n\t\t\t\t\t\t\t<div class=\"elementor-background-overlay\"><\/div>\n\t\t\t\t\t\t\t<div class=\"elementor-container elementor-column-gap-default\">\n\t\t\t\t\t<div class=\"elementor-column elementor-col-100 elementor-top-column elementor-element elementor-element-b4f178c\" data-id=\"b4f178c\" data-element_type=\"column\" data-e-type=\"column\">\n\t\t\t<div class=\"elementor-widget-wrap elementor-element-populated\">\n\t\t\t\t\t\t<div class=\"elementor-element elementor-element-9c9d299 elementor-widget elementor-widget-spacer\" data-id=\"9c9d299\" data-element_type=\"widget\" data-e-type=\"widget\" data-widget_type=\"spacer.default\">\n\t\t\t\t<div class=\"elementor-widget-container\">\n\t\t\t\t\t\t\t<div class=\"elementor-spacer\">\n\t\t\t<div class=\"elementor-spacer-inner\"><\/div>\n\t\t<\/div>\n\t\t\t\t\t\t<\/div>\n\t\t\t\t<\/div>\n\t\t\t\t<section class=\"elementor-section elementor-inner-section elementor-element elementor-element-f7374f3 elementor-hidden-tablet elementor-section-boxed elementor-section-height-default elementor-section-height-default\" data-id=\"f7374f3\" data-element_type=\"section\" data-e-type=\"section\">\n\t\t\t\t\t\t<div class=\"elementor-container elementor-column-gap-default\">\n\t\t\t\t\t<div class=\"elementor-column elementor-col-50 elementor-inner-column elementor-element elementor-element-e3b6c9d\" data-id=\"e3b6c9d\" data-element_type=\"column\" data-e-type=\"column\">\n\t\t\t<div class=\"elementor-widget-wrap elementor-element-populated\">\n\t\t\t\t\t\t<div class=\"elementor-element elementor-element-f952efb elementor-widget elementor-widget-heading\" data-id=\"f952efb\" data-element_type=\"widget\" data-e-type=\"widget\" data-widget_type=\"heading.default\">\n\t\t\t\t<div class=\"elementor-widget-container\">\n\t\t\t\t\t<h2 class=\"elementor-heading-title elementor-size-default\">Hakk\u0131nda<br><strong>Karbon <br>Meydan okumak<\/strong>\n\n<\/h2>\t\t\t\t<\/div>\n\t\t\t\t<\/div>\n\t\t\t\t\t<\/div>\n\t\t<\/div>\n\t\t\t\t<div class=\"elementor-column elementor-col-50 elementor-inner-column elementor-element elementor-element-e80de25\" data-id=\"e80de25\" data-element_type=\"column\" data-e-type=\"column\" data-settings=\"{&quot;background_background&quot;:&quot;classic&quot;}\">\n\t\t\t<div class=\"elementor-widget-wrap elementor-element-populated\">\n\t\t\t\t\t\t<div class=\"elementor-element elementor-element-bdcb8a9 elementor-widget elementor-widget-heading\" data-id=\"bdcb8a9\" data-element_type=\"widget\" data-e-type=\"widget\" data-widget_type=\"heading.default\">\n\t\t\t\t<div class=\"elementor-widget-container\">\n\t\t\t\t\t<h2 class=\"elementor-heading-title elementor-size-default\">Gezegenimiz i\u00e7in bir \u015feyler\n<\/h2>\t\t\t\t<\/div>\n\t\t\t\t<\/div>\n\t\t\t\t<div class=\"elementor-element elementor-element-e60e74a elementor-widget elementor-widget-heading\" data-id=\"e60e74a\" data-element_type=\"widget\" data-e-type=\"widget\" data-widget_type=\"heading.default\">\n\t\t\t\t<div class=\"elementor-widget-container\">\n\t\t\t\t\t<h2 class=\"elementor-heading-title elementor-size-default\">yapma zaman\u0131.<\/h2>\t\t\t\t<\/div>\n\t\t\t\t<\/div>\n\t\t\t\t<div class=\"elementor-element elementor-element-e5e79d7 elementor-widget elementor-widget-text-editor\" data-id=\"e5e79d7\" data-element_type=\"widget\" data-e-type=\"widget\" data-widget_type=\"text-editor.default\">\n\t\t\t\t<div class=\"elementor-widget-container\">\n\t\t\t\t\t\t\t\t\t<p>\u0130klim de\u011fi\u015fikli\u011fi, artan s\u0131cakl\u0131klar, a\u015f\u0131r\u0131 hava de\u011fi\u015fiklikleri ve <br>y\u00fckselen deniz seviyeleri, sa\u011fl\u0131\u011f\u0131m\u0131z\u0131, g\u0131da kaynaklar\u0131m\u0131z\u0131 ve <br>hatta i\u00e7ti\u011fimiz suyu tehdit ederek ya\u015fam \u015feklimizi alt\u00fcst ediyor.<br>S\u00fcrd\u00fcr\u00fclebilir bir gezegen i\u00e7in harekete <strong>ge\u00e7mezsek gelecek daha da karanl\u0131k olacak.<\/strong><\/p>\t\t\t\t\t\t\t\t<\/div>\n\t\t\t\t<\/div>\n\t\t\t\t<div class=\"elementor-element elementor-element-f878abf elementor-widget elementor-widget-text-editor\" data-id=\"f878abf\" data-element_type=\"widget\" data-e-type=\"widget\" data-widget_type=\"text-editor.default\">\n\t\t\t\t<div class=\"elementor-widget-container\">\n\t\t\t\t\t\t\t\t\t<p>Mesele \u015fu ki&#8211; en basit \u015feyler asl\u0131nda hepimiz bir fark yaratabilir <br>Birlikte yap\u0131n. <strong>Bu Carbon Challenge portal\u0131 e\u011flenceli ve kullan\u0131m\u0131 kolay bir portald\u0131r<\/strong> <br>basit ya\u015fam tarz\u0131 de\u011fi\u015fikliklerinin nas\u0131l bir etki yaratabilece\u011fini g\u00f6steren platform <br>ki\u015finin karbon ayak izi ve k\u00fcresel karbon azalt\u0131m\u0131na katk\u0131da bulunmak. <br>Bir fark yaratmak i\u00e7in b\u00fcy\u00fck bir jest gerekmez &#8211; daha s\u00fcrd\u00fcr\u00fclebilir bir \u015fekilde ya\u015famak <br>Yeniden kullan\u0131labilir bir ecobag kullanmak gibi \u00e7ok \u015fey ifade edebilir! Ve birlikte, <br>Gelecek nesiller i\u00e7in gezegeni buldu\u011fumuzdan daha iyi bir \u015fekilde b\u0131rakabiliriz. <\/p>\t\t\t\t\t\t\t\t<\/div>\n\t\t\t\t<\/div>\n\t\t\t\t<div class=\"elementor-element elementor-element-7950fec elementor-widget elementor-widget-text-editor\" data-id=\"7950fec\" data-element_type=\"widget\" data-e-type=\"widget\" data-widget_type=\"text-editor.default\">\n\t\t\t\t<div class=\"elementor-widget-container\">\n\t\t\t\t\t\t\t\t\t<p>Kar\u015f\u0131la\u015f\u0131lan zorluklar <strong>be\u015f (5) temel \u00e7evresel etki alan\u0131<\/strong> etraf\u0131nda grupland\u0131r\u0131lm\u0131\u015ft\u0131r.<br>Karbon hesaplamalar\u0131m\u0131z 3. taraf bir denet\u00e7i olan TUV G\u00fcney Asya taraf\u0131ndan do\u011frulanmaktad\u0131r.<br>Daha fazla ayr\u0131nt\u0131 i\u00e7in y\u00f6ntemimize <a href=\"https:\/\/carbonchallenge.concentrix.com\/app\/uploads\/2025\/08\/Carbon-Challenge-Methodology.pdf\">buradan<\/a> bakabilirsiniz.<\/p>\t\t\t\t\t\t\t\t<\/div>\n\t\t\t\t<\/div>\n\t\t\t\t<div class=\"elementor-element elementor-element-8485a20 elementor-widget elementor-widget-text-editor\" data-id=\"8485a20\" data-element_type=\"widget\" data-e-type=\"widget\" data-widget_type=\"text-editor.default\">\n\t\t\t\t<div class=\"elementor-widget-container\">\n\t\t\t\t\t\t\t\t\t<p><strong> Eco-Champion rozeti<\/strong> kazanabilirsiniz! <\/p>\t\t\t\t\t\t\t\t<\/div>\n\t\t\t\t<\/div>\n\t\t\t\t<div class=\"elementor-element elementor-element-712aa51 elementor-widget elementor-widget-text-editor\" data-id=\"712aa51\" data-element_type=\"widget\" data-e-type=\"widget\" data-widget_type=\"text-editor.default\">\n\t\t\t\t<div class=\"elementor-widget-container\">\n\t\t\t\t\t\t\t\t\tDaha fazla detay i\u00e7in <a class=\"badge\" href=\"#\">Buraya T\u0131klay\u0131n<\/a>\t\t\t\t\t\t\t\t<\/div>\n\t\t\t\t<\/div>\n\t\t\t\t<div class=\"elementor-element elementor-element-16dac9b elementor-widget elementor-widget-image\" data-id=\"16dac9b\" data-element_type=\"widget\" data-e-type=\"widget\" data-widget_type=\"image.default\">\n\t\t\t\t<div class=\"elementor-widget-container\">\n\t\t\t\t\t\t\t\t\t\t\t\t\t\t\t<img fetchpriority=\"high\" decoding=\"async\" width=\"512\" height=\"512\" src=\"https:\/\/carbonchallenge.concentrix.com\/app\/uploads\/2024\/05\/cropped-CarbonChallenge.png\" class=\"attachment-large size-large wp-image-2281\" alt=\"\" srcset=\"https:\/\/carbonchallenge.concentrix.com\/app\/uploads\/2024\/05\/cropped-CarbonChallenge.png 512w, https:\/\/carbonchallenge.concentrix.com\/app\/uploads\/2024\/05\/cropped-CarbonChallenge-300x300.png 300w, https:\/\/carbonchallenge.concentrix.com\/app\/uploads\/2024\/05\/cropped-CarbonChallenge-150x150.png 150w, https:\/\/carbonchallenge.concentrix.com\/app\/uploads\/2024\/05\/cropped-CarbonChallenge-270x270.png 270w, https:\/\/carbonchallenge.concentrix.com\/app\/uploads\/2024\/05\/cropped-CarbonChallenge-192x192.png 192w, https:\/\/carbonchallenge.concentrix.com\/app\/uploads\/2024\/05\/cropped-CarbonChallenge-180x180.png 180w, https:\/\/carbonchallenge.concentrix.com\/app\/uploads\/2024\/05\/cropped-CarbonChallenge-32x32.png 32w\" sizes=\"(max-width: 512px) 100vw, 512px\" \/>\t\t\t\t\t\t\t\t\t\t\t\t\t\t\t<\/div>\n\t\t\t\t<\/div>\n\t\t\t\t\t<\/div>\n\t\t<\/div>\n\t\t\t\t\t<\/div>\n\t\t<\/section>\n\t\t\t\t<section class=\"elementor-section elementor-inner-section elementor-element elementor-element-9019159 elementor-hidden-desktop elementor-hidden-mobile elementor-section-boxed elementor-section-height-default elementor-section-height-default\" data-id=\"9019159\" data-element_type=\"section\" data-e-type=\"section\">\n\t\t\t\t\t\t<div class=\"elementor-container elementor-column-gap-default\">\n\t\t\t\t\t<div class=\"elementor-column elementor-col-100 elementor-inner-column elementor-element elementor-element-d69fa49\" data-id=\"d69fa49\" data-element_type=\"column\" data-e-type=\"column\">\n\t\t\t<div class=\"elementor-widget-wrap elementor-element-populated\">\n\t\t\t\t\t\t<div class=\"elementor-element elementor-element-9979eb9 elementor-widget elementor-widget-heading\" data-id=\"9979eb9\" data-element_type=\"widget\" data-e-type=\"widget\" data-widget_type=\"heading.default\">\n\t\t\t\t<div class=\"elementor-widget-container\">\n\t\t\t\t\t<h2 class=\"elementor-heading-title elementor-size-default\">Hakk\u0131nda\n<strong>Karbon <br>M\u00fccadelesi<\/strong>\n\n<\/h2>\t\t\t\t<\/div>\n\t\t\t\t<\/div>\n\t\t\t\t\t<\/div>\n\t\t<\/div>\n\t\t\t\t\t<\/div>\n\t\t<\/section>\n\t\t\t\t<section class=\"elementor-section elementor-inner-section elementor-element elementor-element-d431413 elementor-hidden-desktop elementor-hidden-mobile elementor-section-boxed elementor-section-height-default elementor-section-height-default\" data-id=\"d431413\" data-element_type=\"section\" data-e-type=\"section\">\n\t\t\t\t\t\t<div class=\"elementor-container elementor-column-gap-default\">\n\t\t\t\t\t<div class=\"elementor-column elementor-col-100 elementor-inner-column elementor-element elementor-element-348370a\" data-id=\"348370a\" data-element_type=\"column\" data-e-type=\"column\" data-settings=\"{&quot;background_background&quot;:&quot;classic&quot;}\">\n\t\t\t<div class=\"elementor-widget-wrap elementor-element-populated\">\n\t\t\t\t\t\t<div class=\"elementor-element elementor-element-bbc0415 elementor-widget-tablet__width-initial elementor-widget elementor-widget-heading\" data-id=\"bbc0415\" data-element_type=\"widget\" data-e-type=\"widget\" data-widget_type=\"heading.default\">\n\t\t\t\t<div class=\"elementor-widget-container\">\n\t\t\t\t\t<h2 class=\"elementor-heading-title elementor-size-default\">Gezegenimiz i\u00e7in bir \u015feyler\n<\/h2>\t\t\t\t<\/div>\n\t\t\t\t<\/div>\n\t\t\t\t<div class=\"elementor-element elementor-element-29020b4 elementor-widget-tablet__width-initial elementor-widget elementor-widget-heading\" data-id=\"29020b4\" data-element_type=\"widget\" data-e-type=\"widget\" data-widget_type=\"heading.default\">\n\t\t\t\t<div class=\"elementor-widget-container\">\n\t\t\t\t\t<h2 class=\"elementor-heading-title elementor-size-default\">yapma zaman\u0131.<\/h2>\t\t\t\t<\/div>\n\t\t\t\t<\/div>\n\t\t\t\t<div class=\"elementor-element elementor-element-47f5aba elementor-widget elementor-widget-text-editor\" data-id=\"47f5aba\" data-element_type=\"widget\" data-e-type=\"widget\" data-widget_type=\"text-editor.default\">\n\t\t\t\t<div class=\"elementor-widget-container\">\n\t\t\t\t\t\t\t\t\t<p>\u0130klim de\u011fi\u015fikli\u011fi, artan s\u0131cakl\u0131klar, a\u015f\u0131r\u0131 hava de\u011fi\u015fiklikleri ve <br>y\u00fckselen deniz seviyeleri, sa\u011fl\u0131\u011f\u0131m\u0131z\u0131, g\u0131da kaynaklar\u0131m\u0131z\u0131 ve <br>hatta i\u00e7ti\u011fimiz suyu tehdit ederek ya\u015fam \u015feklimizi alt\u00fcst ediyor.<br>S\u00fcrd\u00fcr\u00fclebilir bir gezegen i\u00e7in harekete <strong>ge\u00e7mezsek gelecek daha da karanl\u0131k olacak.<\/strong><\/p>\t\t\t\t\t\t\t\t<\/div>\n\t\t\t\t<\/div>\n\t\t\t\t<div class=\"elementor-element elementor-element-7cfc942 elementor-widget elementor-widget-text-editor\" data-id=\"7cfc942\" data-element_type=\"widget\" data-e-type=\"widget\" data-widget_type=\"text-editor.default\">\n\t\t\t\t<div class=\"elementor-widget-container\">\n\t\t\t\t\t\t\t\t\t<p>Mesele \u015fu ki&#8211; en basit \u015feyler asl\u0131nda hepimiz bir fark yaratabilir <br>Birlikte yap\u0131n. <strong>Bu Carbon Challenge portal\u0131 e\u011flenceli ve kullan\u0131m\u0131 kolay bir portald\u0131r<\/strong> <br>basit ya\u015fam tarz\u0131 de\u011fi\u015fikliklerinin nas\u0131l bir etki yaratabilece\u011fini g\u00f6steren platform <br>ki\u015finin karbon ayak izi ve k\u00fcresel karbon azalt\u0131m\u0131na katk\u0131da bulunmak. <br>Bir fark yaratmak i\u00e7in b\u00fcy\u00fck bir jest gerekmez &#8211; daha s\u00fcrd\u00fcr\u00fclebilir bir \u015fekilde ya\u015famak <br>Yeniden kullan\u0131labilir bir ecobag kullanmak gibi \u00e7ok \u015fey ifade edebilir! Ve birlikte, <br>Gelecek nesiller i\u00e7in gezegeni buldu\u011fumuzdan daha iyi bir \u015fekilde b\u0131rakabiliriz. <\/p>\t\t\t\t\t\t\t\t<\/div>\n\t\t\t\t<\/div>\n\t\t\t\t<div class=\"elementor-element elementor-element-74de5e9 elementor-widget elementor-widget-text-editor\" data-id=\"74de5e9\" data-element_type=\"widget\" data-e-type=\"widget\" data-widget_type=\"text-editor.default\">\n\t\t\t\t<div class=\"elementor-widget-container\">\n\t\t\t\t\t\t\t\t\t<p>Kar\u015f\u0131la\u015f\u0131lan zorluklar <strong>be\u015f (5) temel \u00e7evresel etki alan\u0131<\/strong> etraf\u0131nda grupland\u0131r\u0131lm\u0131\u015ft\u0131r.<br>Karbon hesaplamalar\u0131m\u0131z 3. taraf bir denet\u00e7i olan TUV G\u00fcney Asya taraf\u0131ndan do\u011frulanmaktad\u0131r.<br>Daha fazla ayr\u0131nt\u0131 i\u00e7in y\u00f6ntemimize <a href=\"https:\/\/carbonchallenge.concentrix.com\/wp-content\/uploads\/2024\/06\/CarbonChallengeMethodology.pdf\">buradan<\/a> bakabilirsiniz.<\/p>\t\t\t\t\t\t\t\t<\/div>\n\t\t\t\t<\/div>\n\t\t\t\t<div class=\"elementor-element elementor-element-d67017b elementor-widget elementor-widget-text-editor\" data-id=\"d67017b\" data-element_type=\"widget\" data-e-type=\"widget\" data-widget_type=\"text-editor.default\">\n\t\t\t\t<div class=\"elementor-widget-container\">\n\t\t\t\t\t\t\t\t\t<p><strong> Eco-Champion rozeti<\/strong> kazanabilirsiniz! <\/p>\t\t\t\t\t\t\t\t<\/div>\n\t\t\t\t<\/div>\n\t\t\t\t<div class=\"elementor-element elementor-element-0a5e2f5 elementor-widget elementor-widget-text-editor\" data-id=\"0a5e2f5\" data-element_type=\"widget\" data-e-type=\"widget\" data-widget_type=\"text-editor.default\">\n\t\t\t\t<div class=\"elementor-widget-container\">\n\t\t\t\t\t\t\t\t\tDaha fazla detay i\u00e7in <a class=\"badge\" href=\"#\">Buraya T\u0131klay\u0131n<\/a>\t\t\t\t\t\t\t\t<\/div>\n\t\t\t\t<\/div>\n\t\t\t\t<div class=\"elementor-element elementor-element-47f2c33 elementor-widget elementor-widget-image\" data-id=\"47f2c33\" data-element_type=\"widget\" data-e-type=\"widget\" data-widget_type=\"image.default\">\n\t\t\t\t<div class=\"elementor-widget-container\">\n\t\t\t\t\t\t\t\t\t\t\t\t\t\t\t<img fetchpriority=\"high\" decoding=\"async\" width=\"512\" height=\"512\" src=\"https:\/\/carbonchallenge.concentrix.com\/app\/uploads\/2024\/05\/cropped-CarbonChallenge.png\" class=\"attachment-large size-large wp-image-2281\" alt=\"\" srcset=\"https:\/\/carbonchallenge.concentrix.com\/app\/uploads\/2024\/05\/cropped-CarbonChallenge.png 512w, https:\/\/carbonchallenge.concentrix.com\/app\/uploads\/2024\/05\/cropped-CarbonChallenge-300x300.png 300w, https:\/\/carbonchallenge.concentrix.com\/app\/uploads\/2024\/05\/cropped-CarbonChallenge-150x150.png 150w, https:\/\/carbonchallenge.concentrix.com\/app\/uploads\/2024\/05\/cropped-CarbonChallenge-270x270.png 270w, https:\/\/carbonchallenge.concentrix.com\/app\/uploads\/2024\/05\/cropped-CarbonChallenge-192x192.png 192w, https:\/\/carbonchallenge.concentrix.com\/app\/uploads\/2024\/05\/cropped-CarbonChallenge-180x180.png 180w, https:\/\/carbonchallenge.concentrix.com\/app\/uploads\/2024\/05\/cropped-CarbonChallenge-32x32.png 32w\" sizes=\"(max-width: 512px) 100vw, 512px\" \/>\t\t\t\t\t\t\t\t\t\t\t\t\t\t\t<\/div>\n\t\t\t\t<\/div>\n\t\t\t\t\t<\/div>\n\t\t<\/div>\n\t\t\t\t\t<\/div>\n\t\t<\/section>\n\t\t\t\t<div class=\"elementor-element elementor-element-f06eccb elementor-widget elementor-widget-spacer\" data-id=\"f06eccb\" data-element_type=\"widget\" data-e-type=\"widget\" data-widget_type=\"spacer.default\">\n\t\t\t\t<div class=\"elementor-widget-container\">\n\t\t\t\t\t\t\t<div class=\"elementor-spacer\">\n\t\t\t<div class=\"elementor-spacer-inner\"><\/div>\n\t\t<\/div>\n\t\t\t\t\t\t<\/div>\n\t\t\t\t<\/div>\n\t\t\t\t\t<\/div>\n\t\t<\/div>\n\t\t\t\t\t<\/div>\n\t\t<\/section>\n\t\t\t\t<\/div>\n\t\t","protected":false},"excerpt":{"rendered":"<p>Hakk\u0131ndaKarbon Meydan okumak Gezegenimiz i\u00e7in bir \u015feyler yapma zaman\u0131. \u0130klim de\u011fi\u015fikli\u011fi, artan s\u0131cakl\u0131klar, a\u015f\u0131r\u0131 hava de\u011fi\u015fiklikleri ve y\u00fckselen deniz seviyeleri, sa\u011fl\u0131\u011f\u0131m\u0131z\u0131, g\u0131da kaynaklar\u0131m\u0131z\u0131 ve hatta i\u00e7ti\u011fimiz suyu tehdit ederek ya\u015fam \u015feklimizi alt\u00fcst ediyor.S\u00fcrd\u00fcr\u00fclebilir bir gezegen i\u00e7in harekete ge\u00e7mezsek gelecek daha da karanl\u0131k olacak. Mesele \u015fu ki&#8211; en basit \u015feyler asl\u0131nda hepimiz bir fark yaratabilir Birlikte [&hellip;]<\/p>\n","protected":false},"author":1,"featured_media":0,"parent":0,"menu_order":0,"comment_status":"closed","ping_status":"closed","template":"elementor_header_footer","meta":{"footnotes":""},"class_list":["post-3635","page","type-page","status-publish","hentry"],"_links":{"self":[{"href":"https:\/\/carbonchallenge.concentrix.com\/tr\/wp-json\/wp\/v2\/pages\/3635","targetHints":{"allow":["GET"]}}],"collection":[{"href":"https:\/\/carbonchallenge.concentrix.com\/tr\/wp-json\/wp\/v2\/pages"}],"about":[{"href":"https:\/\/carbonchallenge.concentrix.com\/tr\/wp-json\/wp\/v2\/types\/page"}],"author":[{"embeddable":true,"href":"https:\/\/carbonchallenge.concentrix.com\/tr\/wp-json\/wp\/v2\/users\/1"}],"replies":[{"embeddable":true,"href":"https:\/\/carbonchallenge.concentrix.com\/tr\/wp-json\/wp\/v2\/comments?post=3635"}],"version-history":[{"count":4,"href":"https:\/\/carbonchallenge.concentrix.com\/tr\/wp-json\/wp\/v2\/pages\/3635\/revisions"}],"predecessor-version":[{"id":40042,"href":"https:\/\/carbonchallenge.concentrix.com\/tr\/wp-json\/wp\/v2\/pages\/3635\/revisions\/40042"}],"wp:attachment":[{"href":"https:\/\/carbonchallenge.concentrix.com\/tr\/wp-json\/wp\/v2\/media?parent=3635"}],"curies":[{"name":"wp","href":"https:\/\/api.w.org\/{rel}","templated":true}]}}