{"id":3643,"date":"2024-06-17T17:41:19","date_gmt":"2024-06-17T09:41:19","guid":{"rendered":"https:\/\/carbonchallenge.concentrix.com\/despre\/"},"modified":"2025-08-08T16:35:46","modified_gmt":"2025-08-08T08:35:46","slug":"despre","status":"publish","type":"page","link":"https:\/\/carbonchallenge.concentrix.com\/ro\/despre\/","title":{"rendered":"Despre"},"content":{"rendered":"\t\t<div data-elementor-type=\"wp-page\" data-elementor-id=\"3643\" class=\"elementor elementor-3643 elementor-197\" data-elementor-post-type=\"page\">\n\t\t\t\t\t\t<section class=\"elementor-section elementor-top-section elementor-element elementor-element-531e986 elementor-section-boxed elementor-section-height-default elementor-section-height-default\" data-id=\"531e986\" data-element_type=\"section\" data-e-type=\"section\" data-settings=\"{&quot;background_background&quot;:&quot;classic&quot;}\">\n\t\t\t\t\t\t\t<div class=\"elementor-background-overlay\"><\/div>\n\t\t\t\t\t\t\t<div class=\"elementor-container elementor-column-gap-default\">\n\t\t\t\t\t<div class=\"elementor-column elementor-col-100 elementor-top-column elementor-element elementor-element-b4f178c\" data-id=\"b4f178c\" data-element_type=\"column\" data-e-type=\"column\">\n\t\t\t<div class=\"elementor-widget-wrap elementor-element-populated\">\n\t\t\t\t\t\t<div class=\"elementor-element elementor-element-9c9d299 elementor-widget elementor-widget-spacer\" data-id=\"9c9d299\" data-element_type=\"widget\" data-e-type=\"widget\" data-widget_type=\"spacer.default\">\n\t\t\t\t<div class=\"elementor-widget-container\">\n\t\t\t\t\t\t\t<div class=\"elementor-spacer\">\n\t\t\t<div class=\"elementor-spacer-inner\"><\/div>\n\t\t<\/div>\n\t\t\t\t\t\t<\/div>\n\t\t\t\t<\/div>\n\t\t\t\t<section class=\"elementor-section elementor-inner-section elementor-element elementor-element-f7374f3 elementor-hidden-tablet elementor-section-boxed elementor-section-height-default elementor-section-height-default\" data-id=\"f7374f3\" data-element_type=\"section\" data-e-type=\"section\">\n\t\t\t\t\t\t<div class=\"elementor-container elementor-column-gap-default\">\n\t\t\t\t\t<div class=\"elementor-column elementor-col-50 elementor-inner-column elementor-element elementor-element-e3b6c9d\" data-id=\"e3b6c9d\" data-element_type=\"column\" data-e-type=\"column\">\n\t\t\t<div class=\"elementor-widget-wrap elementor-element-populated\">\n\t\t\t\t\t\t<div class=\"elementor-element elementor-element-f952efb elementor-widget elementor-widget-heading\" data-id=\"f952efb\" data-element_type=\"widget\" data-e-type=\"widget\" data-widget_type=\"heading.default\">\n\t\t\t\t<div class=\"elementor-widget-container\">\n\t\t\t\t\t<h2 class=\"elementor-heading-title elementor-size-default\">Despre<br><strong>Carbon <br> Challenge<\/strong>\n\n<\/h2>\t\t\t\t<\/div>\n\t\t\t\t<\/div>\n\t\t\t\t\t<\/div>\n\t\t<\/div>\n\t\t\t\t<div class=\"elementor-column elementor-col-50 elementor-inner-column elementor-element elementor-element-e80de25\" data-id=\"e80de25\" data-element_type=\"column\" data-e-type=\"column\" data-settings=\"{&quot;background_background&quot;:&quot;classic&quot;}\">\n\t\t\t<div class=\"elementor-widget-wrap elementor-element-populated\">\n\t\t\t\t\t\t<div class=\"elementor-element elementor-element-bdcb8a9 elementor-widget elementor-widget-heading\" data-id=\"bdcb8a9\" data-element_type=\"widget\" data-e-type=\"widget\" data-widget_type=\"heading.default\">\n\t\t\t\t<div class=\"elementor-widget-container\">\n\t\t\t\t\t<h2 class=\"elementor-heading-title elementor-size-default\">Este timpul s\u0103 facem ceva pentru  <\/h2>\t\t\t\t<\/div>\n\t\t\t\t<\/div>\n\t\t\t\t<div class=\"elementor-element elementor-element-e60e74a elementor-widget elementor-widget-heading\" data-id=\"e60e74a\" data-element_type=\"widget\" data-e-type=\"widget\" data-widget_type=\"heading.default\">\n\t\t\t\t<div class=\"elementor-widget-container\">\n\t\t\t\t\t<h2 class=\"elementor-heading-title elementor-size-default\">planeta.<\/h2>\t\t\t\t<\/div>\n\t\t\t\t<\/div>\n\t\t\t\t<div class=\"elementor-element elementor-element-e5e79d7 elementor-widget elementor-widget-text-editor\" data-id=\"e5e79d7\" data-element_type=\"widget\" data-e-type=\"widget\" data-widget_type=\"text-editor.default\">\n\t\t\t\t<div class=\"elementor-widget-container\">\n\t\t\t\t\t\t\t\t\t<p>Schimb\u0103rile climatice bulverseaz\u0103 modul \u00een care tr\u0103im &#8211; cre\u0219terea temperaturilor <br>, schimb\u0103rile meteorologice extreme \u0219i cre\u0219terea nivelului m\u0103rilor amenin\u021b\u0103 <br>s\u0103n\u0103tatea noastr\u0103, sursele noastre de hran\u0103 \u0219i chiar apa pe care o bem. <br>Viitorul este groaznic, dac\u0103 <strong>nu lu\u0103m m\u0103suri pentru o planet\u0103 durabil\u0103.<\/strong><\/p>\t\t\t\t\t\t\t\t<\/div>\n\t\t\t\t<\/div>\n\t\t\t\t<div class=\"elementor-element elementor-element-f878abf elementor-widget elementor-widget-text-editor\" data-id=\"f878abf\" data-element_type=\"widget\" data-e-type=\"widget\" data-widget_type=\"text-editor.default\">\n\t\t\t\t<div class=\"elementor-widget-container\">\n\t\t\t\t\t\t\t\t\t<p>Adev\u0103rul este c\u0103 cele mai simple lucruri pot face o diferen\u021b\u0103 dac\u0103 le facem cu to\u021bii <br>\u00eempreun\u0103. <strong>Acest portal Carbon Challenge este o<\/strong> platform\u0103 <br><strong>distractiv\u0103 \u0219i u\u0219or de utilizat<\/strong> care arat\u0103 cum schimb\u0103rile simple \u00een stilul de via\u021b\u0103 pot avea un impact \u00een <br>amprenta de carbon a fiec\u0103ruia \u0219i pot contribui la reducerea global\u0103 a emisiilor de carbon. <br>Nu este nevoie de un gest m\u0103re\u021b pentru a face o diferen\u021b\u0103 &#8211; un mod de via\u021b\u0103 mai sustenabil <br>, cum ar fi utilizarea unui ecobag reutilizabil, poate \u00eensemna mult!\nIar \u00eempreun\u0103, <br>putem l\u0103sa genera\u021biilor viitoare o planet\u0103 mai bun\u0103 dec\u00e2t am g\u0103sit-o. <\/p>\t\t\t\t\t\t\t\t<\/div>\n\t\t\t\t<\/div>\n\t\t\t\t<div class=\"elementor-element elementor-element-7950fec elementor-widget elementor-widget-text-editor\" data-id=\"7950fec\" data-element_type=\"widget\" data-e-type=\"widget\" data-widget_type=\"text-editor.default\">\n\t\t\t\t<div class=\"elementor-widget-container\">\n\t\t\t\t\t\t\t\t\t<p>Provoc\u0103rile sunt grupate <strong>\u00een<\/strong> jurul a <strong>cinci (5) domenii-cheie de ac\u021biune de mediu.<\/strong> <br>Calculele noastre privind emisiile de carbon sunt verificate de un auditor ter\u021b\u0103 parte-TUV South Asia.<br>Pentru mai multe detalii, v\u0103 rug\u0103m s\u0103 consulta\u021bi metodologia noastr\u0103 <a href=\"https:\/\/carbonchallenge.concentrix.com\/wp-content\/uploads\/2024\/06\/CarbonChallengeMethodology.pdf\">aici<\/a>.<\/p>\t\t\t\t\t\t\t\t<\/div>\n\t\t\t\t<\/div>\n\t\t\t\t<div class=\"elementor-element elementor-element-8485a20 elementor-widget elementor-widget-text-editor\" data-id=\"8485a20\" data-element_type=\"widget\" data-e-type=\"widget\" data-widget_type=\"text-editor.default\">\n\t\t\t\t<div class=\"elementor-widget-container\">\n\t\t\t\t\t\t\t\t\t<p>Pute\u021bi c\u00e2\u0219tiga o <strong>insign\u0103 Eco-Champion! <\/strong> <\/p>\t\t\t\t\t\t\t\t<\/div>\n\t\t\t\t<\/div>\n\t\t\t\t<div class=\"elementor-element elementor-element-712aa51 elementor-widget elementor-widget-text-editor\" data-id=\"712aa51\" data-element_type=\"widget\" data-e-type=\"widget\" data-widget_type=\"text-editor.default\">\n\t\t\t\t<div class=\"elementor-widget-container\">\n\t\t\t\t\t\t\t\t\tPentru mai multe detalii, v\u0103 rug\u0103m s\u0103 <a class=\"badge\" href=\"#\">face\u021bi clic aici<\/a>\t\t\t\t\t\t\t\t<\/div>\n\t\t\t\t<\/div>\n\t\t\t\t<div class=\"elementor-element elementor-element-16dac9b elementor-widget elementor-widget-image\" data-id=\"16dac9b\" data-element_type=\"widget\" data-e-type=\"widget\" data-widget_type=\"image.default\">\n\t\t\t\t<div class=\"elementor-widget-container\">\n\t\t\t\t\t\t\t\t\t\t\t\t\t\t\t<img fetchpriority=\"high\" decoding=\"async\" width=\"512\" height=\"512\" src=\"https:\/\/carbonchallenge.concentrix.com\/app\/uploads\/2024\/05\/cropped-CarbonChallenge.png\" class=\"attachment-large size-large wp-image-2278\" alt=\"\" srcset=\"https:\/\/carbonchallenge.concentrix.com\/app\/uploads\/2024\/05\/cropped-CarbonChallenge.png 512w, https:\/\/carbonchallenge.concentrix.com\/app\/uploads\/2024\/05\/cropped-CarbonChallenge-300x300.png 300w, https:\/\/carbonchallenge.concentrix.com\/app\/uploads\/2024\/05\/cropped-CarbonChallenge-150x150.png 150w, https:\/\/carbonchallenge.concentrix.com\/app\/uploads\/2024\/05\/cropped-CarbonChallenge-270x270.png 270w, https:\/\/carbonchallenge.concentrix.com\/app\/uploads\/2024\/05\/cropped-CarbonChallenge-192x192.png 192w, https:\/\/carbonchallenge.concentrix.com\/app\/uploads\/2024\/05\/cropped-CarbonChallenge-180x180.png 180w, https:\/\/carbonchallenge.concentrix.com\/app\/uploads\/2024\/05\/cropped-CarbonChallenge-32x32.png 32w\" sizes=\"(max-width: 512px) 100vw, 512px\" \/>\t\t\t\t\t\t\t\t\t\t\t\t\t\t\t<\/div>\n\t\t\t\t<\/div>\n\t\t\t\t\t<\/div>\n\t\t<\/div>\n\t\t\t\t\t<\/div>\n\t\t<\/section>\n\t\t\t\t<section class=\"elementor-section elementor-inner-section elementor-element elementor-element-9019159 elementor-hidden-desktop elementor-hidden-mobile elementor-section-boxed elementor-section-height-default elementor-section-height-default\" data-id=\"9019159\" data-element_type=\"section\" data-e-type=\"section\">\n\t\t\t\t\t\t<div class=\"elementor-container elementor-column-gap-default\">\n\t\t\t\t\t<div class=\"elementor-column elementor-col-100 elementor-inner-column elementor-element elementor-element-d69fa49\" data-id=\"d69fa49\" data-element_type=\"column\" data-e-type=\"column\">\n\t\t\t<div class=\"elementor-widget-wrap elementor-element-populated\">\n\t\t\t\t\t\t<div class=\"elementor-element elementor-element-9979eb9 elementor-widget elementor-widget-heading\" data-id=\"9979eb9\" data-element_type=\"widget\" data-e-type=\"widget\" data-widget_type=\"heading.default\">\n\t\t\t\t<div class=\"elementor-widget-container\">\n\t\t\t\t\t<h2 class=\"elementor-heading-title elementor-size-default\">Despre<br><strong>Carbon Challenge<\/strong>\n\n<\/h2>\t\t\t\t<\/div>\n\t\t\t\t<\/div>\n\t\t\t\t\t<\/div>\n\t\t<\/div>\n\t\t\t\t\t<\/div>\n\t\t<\/section>\n\t\t\t\t<section class=\"elementor-section elementor-inner-section elementor-element elementor-element-d431413 elementor-hidden-desktop elementor-hidden-mobile elementor-section-boxed elementor-section-height-default elementor-section-height-default\" data-id=\"d431413\" data-element_type=\"section\" data-e-type=\"section\">\n\t\t\t\t\t\t<div class=\"elementor-container elementor-column-gap-default\">\n\t\t\t\t\t<div class=\"elementor-column elementor-col-100 elementor-inner-column elementor-element elementor-element-348370a\" data-id=\"348370a\" data-element_type=\"column\" data-e-type=\"column\" data-settings=\"{&quot;background_background&quot;:&quot;classic&quot;}\">\n\t\t\t<div class=\"elementor-widget-wrap elementor-element-populated\">\n\t\t\t\t\t\t<div class=\"elementor-element elementor-element-bbc0415 elementor-widget-tablet__width-initial elementor-widget elementor-widget-heading\" data-id=\"bbc0415\" data-element_type=\"widget\" data-e-type=\"widget\" data-widget_type=\"heading.default\">\n\t\t\t\t<div class=\"elementor-widget-container\">\n\t\t\t\t\t<h2 class=\"elementor-heading-title elementor-size-default\">Este timpul s\u0103 facem ceva pentru  <\/h2>\t\t\t\t<\/div>\n\t\t\t\t<\/div>\n\t\t\t\t<div class=\"elementor-element elementor-element-29020b4 elementor-widget-tablet__width-initial elementor-widget elementor-widget-heading\" data-id=\"29020b4\" data-element_type=\"widget\" data-e-type=\"widget\" data-widget_type=\"heading.default\">\n\t\t\t\t<div class=\"elementor-widget-container\">\n\t\t\t\t\t<h2 class=\"elementor-heading-title elementor-size-default\">planeta.<\/h2>\t\t\t\t<\/div>\n\t\t\t\t<\/div>\n\t\t\t\t<div class=\"elementor-element elementor-element-47f5aba elementor-widget elementor-widget-text-editor\" data-id=\"47f5aba\" data-element_type=\"widget\" data-e-type=\"widget\" data-widget_type=\"text-editor.default\">\n\t\t\t\t<div class=\"elementor-widget-container\">\n\t\t\t\t\t\t\t\t\t<p>Schimb\u0103rile climatice bulverseaz\u0103 modul \u00een care tr\u0103im &#8211; cre\u0219terea temperaturilor <br>, schimb\u0103rile meteorologice extreme \u0219i cre\u0219terea nivelului m\u0103rilor amenin\u021b\u0103 <br>s\u0103n\u0103tatea noastr\u0103, sursele noastre de hran\u0103 \u0219i chiar apa pe care o bem. <br>Viitorul este groaznic, dac\u0103 <strong>nu lu\u0103m m\u0103suri pentru o planet\u0103 durabil\u0103.<\/strong><\/p>\t\t\t\t\t\t\t\t<\/div>\n\t\t\t\t<\/div>\n\t\t\t\t<div class=\"elementor-element elementor-element-7cfc942 elementor-widget elementor-widget-text-editor\" data-id=\"7cfc942\" data-element_type=\"widget\" data-e-type=\"widget\" data-widget_type=\"text-editor.default\">\n\t\t\t\t<div class=\"elementor-widget-container\">\n\t\t\t\t\t\t\t\t\t<p>Adev\u0103rul este c\u0103 cele mai simple lucruri pot face o diferen\u021b\u0103 dac\u0103 le facem cu to\u021bii <br>\u00eempreun\u0103. <strong>Acest portal Carbon Challenge este o<\/strong> platform\u0103 <br><strong>distractiv\u0103 \u0219i u\u0219or de utilizat<\/strong> care arat\u0103 cum schimb\u0103rile simple \u00een stilul de via\u021b\u0103 pot avea un impact \u00een <br>amprenta de carbon a fiec\u0103ruia \u0219i pot contribui la reducerea global\u0103 a emisiilor de carbon. <br>Nu este nevoie de un gest m\u0103re\u021b pentru a face o diferen\u021b\u0103 &#8211; un mod de via\u021b\u0103 mai sustenabil <br>, cum ar fi utilizarea unui ecobag reutilizabil, poate \u00eensemna mult!\nIar \u00eempreun\u0103, <br>putem l\u0103sa genera\u021biilor viitoare o planet\u0103 mai bun\u0103 dec\u00e2t am g\u0103sit-o. <\/p>\t\t\t\t\t\t\t\t<\/div>\n\t\t\t\t<\/div>\n\t\t\t\t<div class=\"elementor-element elementor-element-74de5e9 elementor-widget elementor-widget-text-editor\" data-id=\"74de5e9\" data-element_type=\"widget\" data-e-type=\"widget\" data-widget_type=\"text-editor.default\">\n\t\t\t\t<div class=\"elementor-widget-container\">\n\t\t\t\t\t\t\t\t\t<p>Provoc\u0103rile sunt grupate <strong>\u00een<\/strong> jurul a <strong>cinci (5) domenii-cheie de ac\u021biune de mediu.<\/strong> <br>Calculele noastre privind emisiile de carbon sunt verificate de un auditor ter\u021b\u0103 parte-TUV South Asia.<br>Pentru mai multe detalii, v\u0103 rug\u0103m s\u0103 consulta\u021bi metodologia noastr\u0103 <a href=\"https:\/\/carbonchallenge.concentrix.com\/wp-content\/uploads\/2024\/06\/CarbonChallengeMethodology.pdf\">aici<\/a>.<\/p>\t\t\t\t\t\t\t\t<\/div>\n\t\t\t\t<\/div>\n\t\t\t\t<div class=\"elementor-element elementor-element-d67017b elementor-widget elementor-widget-text-editor\" data-id=\"d67017b\" data-element_type=\"widget\" data-e-type=\"widget\" data-widget_type=\"text-editor.default\">\n\t\t\t\t<div class=\"elementor-widget-container\">\n\t\t\t\t\t\t\t\t\t<p>Pute\u021bi c\u00e2\u0219tiga o <strong>insign\u0103 Eco-Champion! <\/strong> <\/p>\t\t\t\t\t\t\t\t<\/div>\n\t\t\t\t<\/div>\n\t\t\t\t<div class=\"elementor-element elementor-element-0a5e2f5 elementor-widget elementor-widget-text-editor\" data-id=\"0a5e2f5\" data-element_type=\"widget\" data-e-type=\"widget\" data-widget_type=\"text-editor.default\">\n\t\t\t\t<div class=\"elementor-widget-container\">\n\t\t\t\t\t\t\t\t\tPentru mai multe detalii, v\u0103 rug\u0103m s\u0103 <a class=\"badge\" href=\"#\">face\u021bi clic aici<\/a>\t\t\t\t\t\t\t\t<\/div>\n\t\t\t\t<\/div>\n\t\t\t\t<div class=\"elementor-element elementor-element-47f2c33 elementor-widget elementor-widget-image\" data-id=\"47f2c33\" data-element_type=\"widget\" data-e-type=\"widget\" data-widget_type=\"image.default\">\n\t\t\t\t<div class=\"elementor-widget-container\">\n\t\t\t\t\t\t\t\t\t\t\t\t\t\t\t<img fetchpriority=\"high\" decoding=\"async\" width=\"512\" height=\"512\" src=\"https:\/\/carbonchallenge.concentrix.com\/app\/uploads\/2024\/05\/cropped-CarbonChallenge.png\" class=\"attachment-large size-large wp-image-2278\" alt=\"\" srcset=\"https:\/\/carbonchallenge.concentrix.com\/app\/uploads\/2024\/05\/cropped-CarbonChallenge.png 512w, https:\/\/carbonchallenge.concentrix.com\/app\/uploads\/2024\/05\/cropped-CarbonChallenge-300x300.png 300w, https:\/\/carbonchallenge.concentrix.com\/app\/uploads\/2024\/05\/cropped-CarbonChallenge-150x150.png 150w, https:\/\/carbonchallenge.concentrix.com\/app\/uploads\/2024\/05\/cropped-CarbonChallenge-270x270.png 270w, https:\/\/carbonchallenge.concentrix.com\/app\/uploads\/2024\/05\/cropped-CarbonChallenge-192x192.png 192w, https:\/\/carbonchallenge.concentrix.com\/app\/uploads\/2024\/05\/cropped-CarbonChallenge-180x180.png 180w, https:\/\/carbonchallenge.concentrix.com\/app\/uploads\/2024\/05\/cropped-CarbonChallenge-32x32.png 32w\" sizes=\"(max-width: 512px) 100vw, 512px\" \/>\t\t\t\t\t\t\t\t\t\t\t\t\t\t\t<\/div>\n\t\t\t\t<\/div>\n\t\t\t\t\t<\/div>\n\t\t<\/div>\n\t\t\t\t\t<\/div>\n\t\t<\/section>\n\t\t\t\t<div class=\"elementor-element elementor-element-f06eccb elementor-widget elementor-widget-spacer\" data-id=\"f06eccb\" data-element_type=\"widget\" data-e-type=\"widget\" data-widget_type=\"spacer.default\">\n\t\t\t\t<div class=\"elementor-widget-container\">\n\t\t\t\t\t\t\t<div class=\"elementor-spacer\">\n\t\t\t<div class=\"elementor-spacer-inner\"><\/div>\n\t\t<\/div>\n\t\t\t\t\t\t<\/div>\n\t\t\t\t<\/div>\n\t\t\t\t\t<\/div>\n\t\t<\/div>\n\t\t\t\t\t<\/div>\n\t\t<\/section>\n\t\t\t\t<\/div>\n\t\t","protected":false},"excerpt":{"rendered":"<p>DespreCarbon Challenge Este timpul s\u0103 facem ceva pentru planeta. Schimb\u0103rile climatice bulverseaz\u0103 modul \u00een care tr\u0103im &#8211; cre\u0219terea temperaturilor , schimb\u0103rile meteorologice extreme \u0219i cre\u0219terea nivelului m\u0103rilor amenin\u021b\u0103 s\u0103n\u0103tatea noastr\u0103, sursele noastre de hran\u0103 \u0219i chiar apa pe care o bem. Viitorul este groaznic, dac\u0103 nu lu\u0103m m\u0103suri pentru o planet\u0103 durabil\u0103. Adev\u0103rul este c\u0103 [&hellip;]<\/p>\n","protected":false},"author":1,"featured_media":0,"parent":0,"menu_order":0,"comment_status":"closed","ping_status":"closed","template":"elementor_header_footer","meta":{"footnotes":""},"class_list":["post-3643","page","type-page","status-publish","hentry"],"_links":{"self":[{"href":"https:\/\/carbonchallenge.concentrix.com\/ro\/wp-json\/wp\/v2\/pages\/3643","targetHints":{"allow":["GET"]}}],"collection":[{"href":"https:\/\/carbonchallenge.concentrix.com\/ro\/wp-json\/wp\/v2\/pages"}],"about":[{"href":"https:\/\/carbonchallenge.concentrix.com\/ro\/wp-json\/wp\/v2\/types\/page"}],"author":[{"embeddable":true,"href":"https:\/\/carbonchallenge.concentrix.com\/ro\/wp-json\/wp\/v2\/users\/1"}],"replies":[{"embeddable":true,"href":"https:\/\/carbonchallenge.concentrix.com\/ro\/wp-json\/wp\/v2\/comments?post=3643"}],"version-history":[{"count":2,"href":"https:\/\/carbonchallenge.concentrix.com\/ro\/wp-json\/wp\/v2\/pages\/3643\/revisions"}],"predecessor-version":[{"id":40032,"href":"https:\/\/carbonchallenge.concentrix.com\/ro\/wp-json\/wp\/v2\/pages\/3643\/revisions\/40032"}],"wp:attachment":[{"href":"https:\/\/carbonchallenge.concentrix.com\/ro\/wp-json\/wp\/v2\/media?parent=3643"}],"curies":[{"name":"wp","href":"https:\/\/api.w.org\/{rel}","templated":true}]}}