{"id":3651,"date":"2024-06-17T17:41:19","date_gmt":"2024-06-17T09:41:19","guid":{"rendered":"https:\/\/carbonchallenge.concentrix.com\/o\/"},"modified":"2025-08-08T16:36:51","modified_gmt":"2025-08-08T08:36:51","slug":"o","status":"publish","type":"page","link":"https:\/\/carbonchallenge.concentrix.com\/pl\/o\/","title":{"rendered":"O"},"content":{"rendered":"\t\t<div data-elementor-type=\"wp-page\" data-elementor-id=\"3651\" class=\"elementor elementor-3651 elementor-197\" data-elementor-post-type=\"page\">\n\t\t\t\t\t\t<section class=\"elementor-section elementor-top-section elementor-element elementor-element-531e986 elementor-section-boxed elementor-section-height-default elementor-section-height-default\" data-id=\"531e986\" data-element_type=\"section\" data-e-type=\"section\" data-settings=\"{&quot;background_background&quot;:&quot;classic&quot;}\">\n\t\t\t\t\t\t\t<div class=\"elementor-background-overlay\"><\/div>\n\t\t\t\t\t\t\t<div class=\"elementor-container elementor-column-gap-default\">\n\t\t\t\t\t<div class=\"elementor-column elementor-col-100 elementor-top-column elementor-element elementor-element-b4f178c\" data-id=\"b4f178c\" data-element_type=\"column\" data-e-type=\"column\">\n\t\t\t<div class=\"elementor-widget-wrap elementor-element-populated\">\n\t\t\t\t\t\t<div class=\"elementor-element elementor-element-9c9d299 elementor-widget elementor-widget-spacer\" data-id=\"9c9d299\" data-element_type=\"widget\" data-e-type=\"widget\" data-widget_type=\"spacer.default\">\n\t\t\t\t<div class=\"elementor-widget-container\">\n\t\t\t\t\t\t\t<div class=\"elementor-spacer\">\n\t\t\t<div class=\"elementor-spacer-inner\"><\/div>\n\t\t<\/div>\n\t\t\t\t\t\t<\/div>\n\t\t\t\t<\/div>\n\t\t\t\t<section class=\"elementor-section elementor-inner-section elementor-element elementor-element-f7374f3 elementor-hidden-tablet elementor-section-boxed elementor-section-height-default elementor-section-height-default\" data-id=\"f7374f3\" data-element_type=\"section\" data-e-type=\"section\">\n\t\t\t\t\t\t<div class=\"elementor-container elementor-column-gap-default\">\n\t\t\t\t\t<div class=\"elementor-column elementor-col-50 elementor-inner-column elementor-element elementor-element-e3b6c9d\" data-id=\"e3b6c9d\" data-element_type=\"column\" data-e-type=\"column\">\n\t\t\t<div class=\"elementor-widget-wrap elementor-element-populated\">\n\t\t\t\t\t\t<div class=\"elementor-element elementor-element-f952efb elementor-widget elementor-widget-heading\" data-id=\"f952efb\" data-element_type=\"widget\" data-e-type=\"widget\" data-widget_type=\"heading.default\">\n\t\t\t\t<div class=\"elementor-widget-container\">\n\t\t\t\t\t<h2 class=\"elementor-heading-title elementor-size-default\">O firmie<br><strong>W\u0119giel <br>Wyzwanie<\/strong>\n\n<\/h2>\t\t\t\t<\/div>\n\t\t\t\t<\/div>\n\t\t\t\t\t<\/div>\n\t\t<\/div>\n\t\t\t\t<div class=\"elementor-column elementor-col-50 elementor-inner-column elementor-element elementor-element-e80de25\" data-id=\"e80de25\" data-element_type=\"column\" data-e-type=\"column\" data-settings=\"{&quot;background_background&quot;:&quot;classic&quot;}\">\n\t\t\t<div class=\"elementor-widget-wrap elementor-element-populated\">\n\t\t\t\t\t\t<div class=\"elementor-element elementor-element-bdcb8a9 elementor-widget elementor-widget-heading\" data-id=\"bdcb8a9\" data-element_type=\"widget\" data-e-type=\"widget\" data-widget_type=\"heading.default\">\n\t\t\t\t<div class=\"elementor-widget-container\">\n\t\t\t\t\t<h2 class=\"elementor-heading-title elementor-size-default\">Nadszed\u0142 czas, aby co\u015b zrobi\u0107 dla\n<\/h2>\t\t\t\t<\/div>\n\t\t\t\t<\/div>\n\t\t\t\t<div class=\"elementor-element elementor-element-e60e74a elementor-widget elementor-widget-heading\" data-id=\"e60e74a\" data-element_type=\"widget\" data-e-type=\"widget\" data-widget_type=\"heading.default\">\n\t\t\t\t<div class=\"elementor-widget-container\">\n\t\t\t\t\t<h2 class=\"elementor-heading-title elementor-size-default\">planety.<\/h2>\t\t\t\t<\/div>\n\t\t\t\t<\/div>\n\t\t\t\t<div class=\"elementor-element elementor-element-e5e79d7 elementor-widget elementor-widget-text-editor\" data-id=\"e5e79d7\" data-element_type=\"widget\" data-e-type=\"widget\" data-widget_type=\"text-editor.default\">\n\t\t\t\t<div class=\"elementor-widget-container\">\n\t\t\t\t\t\t\t\t\t<p>Zmiany klimatyczne wywracaj\u0105 do g\u00f3ry nogami spos\u00f3b, w jaki \u017cyjemy \u2013 wraz z rosn\u0105cym <br>Zagro\u017cenie, ekstremalne zmiany pogody i podnosz\u0105cy si\u0119 poziom m\u00f3rz <br>nasze zdrowie, nasze \u017ar\u00f3d\u0142a po\u017cywienia, a nawet sama woda, kt\u00f3r\u0105 pijemy. <br>Przysz\u0142o\u015b\u0107 rysuje si\u0119 w tragicznych barwach, je\u015bli <strong>nie podejmiemy dzia\u0142a\u0144 na rzecz zr\u00f3wnowa\u017conej planety.<\/strong><\/p>\t\t\t\t\t\t\t\t<\/div>\n\t\t\t\t<\/div>\n\t\t\t\t<div class=\"elementor-element elementor-element-f878abf elementor-widget elementor-widget-text-editor\" data-id=\"f878abf\" data-element_type=\"widget\" data-e-type=\"widget\" data-widget_type=\"text-editor.default\">\n\t\t\t\t<div class=\"elementor-widget-container\">\n\t\t\t\t\t\t\t\t\t<p>Rzecz w tym, \u017ce najprostsze rzeczy mog\u0105 mie\u0107 znaczenie, je\u015bli wszyscy <br>Zr\u00f3bcie to razem. <strong>Ten portal Carbon Challenge jest zabawny i \u0142atwy w u\u017cyciu<\/strong> <br>platformy, kt\u00f3ra pokazuje, jak proste zmiany w stylu \u017cycia mog\u0105 mie\u0107 wp\u0142yw na <br>\u015bladu w\u0119glowego i przyczyni\u0107 si\u0119 do globalnej redukcji emisji dwutlenku w\u0119gla. <br>Nie trzeba wielkiego gestu, aby co\u015b zmieni\u0107 \u2013 \u017cy\u0107 w spos\u00f3b bardziej zr\u00f3wnowa\u017cony <br>Na przyk\u0142ad korzystanie z ekotorby wielokrotnego u\u017cytku mo\u017ce wiele znaczy\u0107! I razem, <br>Mo\u017cemy zostawi\u0107 planet\u0119 w lepszym stanie, ni\u017c j\u0105 zastali\u015bmy, dla przysz\u0142ych pokole\u0144. <\/p>\t\t\t\t\t\t\t\t<\/div>\n\t\t\t\t<\/div>\n\t\t\t\t<div class=\"elementor-element elementor-element-7950fec elementor-widget elementor-widget-text-editor\" data-id=\"7950fec\" data-element_type=\"widget\" data-e-type=\"widget\" data-widget_type=\"text-editor.default\">\n\t\t\t\t<div class=\"elementor-widget-container\">\n\t\t\t\t\t\t\t\t\t<p>Wyzwania s\u0105 pogrupowane wok\u00f3\u0142 <strong>pi\u0119ciu (5) kluczowych obszar\u00f3w dzia\u0142a\u0144 \u015brodowiskowych.<\/strong> <br>Nasze obliczenia emisji dwutlenku w\u0119gla s\u0105 weryfikowane przez zewn\u0119trznego audytora &#8211; TUV South Asia.<br>Aby uzyska\u0107 wi\u0119cej informacji, zapoznaj si\u0119 z nasz\u0105 metodologi\u0105 <a href=\"https:\/\/carbonchallenge.concentrix.com\/app\/uploads\/2025\/08\/Carbon-Challenge-Methodology.pdf\">tutaj<\/a>.<\/p>\t\t\t\t\t\t\t\t<\/div>\n\t\t\t\t<\/div>\n\t\t\t\t<div class=\"elementor-element elementor-element-8485a20 elementor-widget elementor-widget-text-editor\" data-id=\"8485a20\" data-element_type=\"widget\" data-e-type=\"widget\" data-widget_type=\"text-editor.default\">\n\t\t\t\t<div class=\"elementor-widget-container\">\n\t\t\t\t\t\t\t\t\t<p>Mo\u017cesz zdoby\u0107 <strong>odznak\u0119 Eco-Champion! <\/strong> <\/p>\t\t\t\t\t\t\t\t<\/div>\n\t\t\t\t<\/div>\n\t\t\t\t<div class=\"elementor-element elementor-element-712aa51 elementor-widget elementor-widget-text-editor\" data-id=\"712aa51\" data-element_type=\"widget\" data-e-type=\"widget\" data-widget_type=\"text-editor.default\">\n\t\t\t\t<div class=\"elementor-widget-container\">\n\t\t\t\t\t\t\t\t\tAby uzyska\u0107 wi\u0119cej informacji, <a class=\"badge\" href=\"#\">kliknij tutaj<\/a>\t\t\t\t\t\t\t\t<\/div>\n\t\t\t\t<\/div>\n\t\t\t\t<div class=\"elementor-element elementor-element-16dac9b elementor-widget elementor-widget-image\" data-id=\"16dac9b\" data-element_type=\"widget\" data-e-type=\"widget\" data-widget_type=\"image.default\">\n\t\t\t\t<div class=\"elementor-widget-container\">\n\t\t\t\t\t\t\t\t\t\t\t\t\t\t\t<img fetchpriority=\"high\" decoding=\"async\" width=\"512\" height=\"512\" src=\"https:\/\/carbonchallenge.concentrix.com\/app\/uploads\/2024\/05\/cropped-CarbonChallenge.png\" class=\"attachment-large size-large wp-image-2276\" alt=\"\" srcset=\"https:\/\/carbonchallenge.concentrix.com\/app\/uploads\/2024\/05\/cropped-CarbonChallenge.png 512w, https:\/\/carbonchallenge.concentrix.com\/app\/uploads\/2024\/05\/cropped-CarbonChallenge-300x300.png 300w, https:\/\/carbonchallenge.concentrix.com\/app\/uploads\/2024\/05\/cropped-CarbonChallenge-150x150.png 150w, https:\/\/carbonchallenge.concentrix.com\/app\/uploads\/2024\/05\/cropped-CarbonChallenge-270x270.png 270w, https:\/\/carbonchallenge.concentrix.com\/app\/uploads\/2024\/05\/cropped-CarbonChallenge-192x192.png 192w, https:\/\/carbonchallenge.concentrix.com\/app\/uploads\/2024\/05\/cropped-CarbonChallenge-180x180.png 180w, https:\/\/carbonchallenge.concentrix.com\/app\/uploads\/2024\/05\/cropped-CarbonChallenge-32x32.png 32w\" sizes=\"(max-width: 512px) 100vw, 512px\" \/>\t\t\t\t\t\t\t\t\t\t\t\t\t\t\t<\/div>\n\t\t\t\t<\/div>\n\t\t\t\t\t<\/div>\n\t\t<\/div>\n\t\t\t\t\t<\/div>\n\t\t<\/section>\n\t\t\t\t<section class=\"elementor-section elementor-inner-section elementor-element elementor-element-9019159 elementor-hidden-desktop elementor-hidden-mobile elementor-section-boxed elementor-section-height-default elementor-section-height-default\" data-id=\"9019159\" data-element_type=\"section\" data-e-type=\"section\">\n\t\t\t\t\t\t<div class=\"elementor-container elementor-column-gap-default\">\n\t\t\t\t\t<div class=\"elementor-column elementor-col-100 elementor-inner-column elementor-element elementor-element-d69fa49\" data-id=\"d69fa49\" data-element_type=\"column\" data-e-type=\"column\">\n\t\t\t<div class=\"elementor-widget-wrap elementor-element-populated\">\n\t\t\t\t\t\t<div class=\"elementor-element elementor-element-9979eb9 elementor-widget elementor-widget-heading\" data-id=\"9979eb9\" data-element_type=\"widget\" data-e-type=\"widget\" data-widget_type=\"heading.default\">\n\t\t\t\t<div class=\"elementor-widget-container\">\n\t\t\t\t\t<h2 class=\"elementor-heading-title elementor-size-default\">O firmie<br><strong>Wyzwanie w\u0119glowe \n<\/strong>\n\n<\/h2>\t\t\t\t<\/div>\n\t\t\t\t<\/div>\n\t\t\t\t\t<\/div>\n\t\t<\/div>\n\t\t\t\t\t<\/div>\n\t\t<\/section>\n\t\t\t\t<section class=\"elementor-section elementor-inner-section elementor-element elementor-element-d431413 elementor-hidden-desktop elementor-hidden-mobile elementor-section-boxed elementor-section-height-default elementor-section-height-default\" data-id=\"d431413\" data-element_type=\"section\" data-e-type=\"section\">\n\t\t\t\t\t\t<div class=\"elementor-container elementor-column-gap-default\">\n\t\t\t\t\t<div class=\"elementor-column elementor-col-100 elementor-inner-column elementor-element elementor-element-348370a\" data-id=\"348370a\" data-element_type=\"column\" data-e-type=\"column\" data-settings=\"{&quot;background_background&quot;:&quot;classic&quot;}\">\n\t\t\t<div class=\"elementor-widget-wrap elementor-element-populated\">\n\t\t\t\t\t\t<div class=\"elementor-element elementor-element-bbc0415 elementor-widget-tablet__width-initial elementor-widget elementor-widget-heading\" data-id=\"bbc0415\" data-element_type=\"widget\" data-e-type=\"widget\" data-widget_type=\"heading.default\">\n\t\t\t\t<div class=\"elementor-widget-container\">\n\t\t\t\t\t<h2 class=\"elementor-heading-title elementor-size-default\">Nadszed\u0142 czas, aby co\u015b zrobi\u0107 dla\n<\/h2>\t\t\t\t<\/div>\n\t\t\t\t<\/div>\n\t\t\t\t<div class=\"elementor-element elementor-element-29020b4 elementor-widget-tablet__width-initial elementor-widget elementor-widget-heading\" data-id=\"29020b4\" data-element_type=\"widget\" data-e-type=\"widget\" data-widget_type=\"heading.default\">\n\t\t\t\t<div class=\"elementor-widget-container\">\n\t\t\t\t\t<h2 class=\"elementor-heading-title elementor-size-default\">planety.<\/h2>\t\t\t\t<\/div>\n\t\t\t\t<\/div>\n\t\t\t\t<div class=\"elementor-element elementor-element-47f5aba elementor-widget elementor-widget-text-editor\" data-id=\"47f5aba\" data-element_type=\"widget\" data-e-type=\"widget\" data-widget_type=\"text-editor.default\">\n\t\t\t\t<div class=\"elementor-widget-container\">\n\t\t\t\t\t\t\t\t\t<p>Zmiany klimatyczne wywracaj\u0105 do g\u00f3ry nogami spos\u00f3b, w jaki \u017cyjemy \u2013 wraz z rosn\u0105cym <br>Zagro\u017cenie, ekstremalne zmiany pogody i podnosz\u0105cy si\u0119 poziom m\u00f3rz <br>nasze zdrowie, nasze \u017ar\u00f3d\u0142a po\u017cywienia, a nawet sama woda, kt\u00f3r\u0105 pijemy. <br>Przysz\u0142o\u015b\u0107 rysuje si\u0119 w tragicznych barwach, je\u015bli <strong>nie podejmiemy dzia\u0142a\u0144 na rzecz zr\u00f3wnowa\u017conej planety.<\/strong><\/p>\t\t\t\t\t\t\t\t<\/div>\n\t\t\t\t<\/div>\n\t\t\t\t<div class=\"elementor-element elementor-element-7cfc942 elementor-widget elementor-widget-text-editor\" data-id=\"7cfc942\" data-element_type=\"widget\" data-e-type=\"widget\" data-widget_type=\"text-editor.default\">\n\t\t\t\t<div class=\"elementor-widget-container\">\n\t\t\t\t\t\t\t\t\t<p>Rzecz w tym, \u017ce najprostsze rzeczy mog\u0105 mie\u0107 znaczenie, je\u015bli wszyscy <br>Zr\u00f3bcie to razem. <strong>Ten portal Carbon Challenge jest zabawny i \u0142atwy w u\u017cyciu<\/strong> <br>platformy, kt\u00f3ra pokazuje, jak proste zmiany w stylu \u017cycia mog\u0105 mie\u0107 wp\u0142yw na <br>\u015bladu w\u0119glowego i przyczyni\u0107 si\u0119 do globalnej redukcji emisji dwutlenku w\u0119gla. <br>Nie trzeba wielkiego gestu, aby co\u015b zmieni\u0107 \u2013 \u017cy\u0107 w spos\u00f3b bardziej zr\u00f3wnowa\u017cony <br>Na przyk\u0142ad korzystanie z ekotorby wielokrotnego u\u017cytku mo\u017ce wiele znaczy\u0107! I razem, <br>Mo\u017cemy zostawi\u0107 planet\u0119 w lepszym stanie, ni\u017c j\u0105 zastali\u015bmy, dla przysz\u0142ych pokole\u0144. <\/p>\t\t\t\t\t\t\t\t<\/div>\n\t\t\t\t<\/div>\n\t\t\t\t<div class=\"elementor-element elementor-element-74de5e9 elementor-widget elementor-widget-text-editor\" data-id=\"74de5e9\" data-element_type=\"widget\" data-e-type=\"widget\" data-widget_type=\"text-editor.default\">\n\t\t\t\t<div class=\"elementor-widget-container\">\n\t\t\t\t\t\t\t\t\t<p>Wyzwania s\u0105 pogrupowane wok\u00f3\u0142 <strong>pi\u0119ciu (5) kluczowych obszar\u00f3w dzia\u0142a\u0144 \u015brodowiskowych.<\/strong> <br>Nasze obliczenia emisji dwutlenku w\u0119gla s\u0105 weryfikowane przez zewn\u0119trznego audytora &#8211; TUV South Asia.<br>Aby uzyska\u0107 wi\u0119cej informacji, zapoznaj si\u0119 z nasz\u0105 metodologi\u0105 <a href=\"https:\/\/carbonchallenge.concentrix.com\/wp-content\/uploads\/2024\/06\/CarbonChallengeMethodology.pdf\">tutaj<\/a>.<\/p>\t\t\t\t\t\t\t\t<\/div>\n\t\t\t\t<\/div>\n\t\t\t\t<div class=\"elementor-element elementor-element-d67017b elementor-widget elementor-widget-text-editor\" data-id=\"d67017b\" data-element_type=\"widget\" data-e-type=\"widget\" data-widget_type=\"text-editor.default\">\n\t\t\t\t<div class=\"elementor-widget-container\">\n\t\t\t\t\t\t\t\t\t<p>Mo\u017cesz zdoby\u0107 <strong>odznak\u0119 Eco-Champion! <\/strong> <\/p>\t\t\t\t\t\t\t\t<\/div>\n\t\t\t\t<\/div>\n\t\t\t\t<div class=\"elementor-element elementor-element-0a5e2f5 elementor-widget elementor-widget-text-editor\" data-id=\"0a5e2f5\" data-element_type=\"widget\" data-e-type=\"widget\" data-widget_type=\"text-editor.default\">\n\t\t\t\t<div class=\"elementor-widget-container\">\n\t\t\t\t\t\t\t\t\tAby uzyska\u0107 wi\u0119cej informacji, <a class=\"badge\" href=\"#\">kliknij tutaj<\/a>\t\t\t\t\t\t\t\t<\/div>\n\t\t\t\t<\/div>\n\t\t\t\t<div class=\"elementor-element elementor-element-47f2c33 elementor-widget elementor-widget-image\" data-id=\"47f2c33\" data-element_type=\"widget\" data-e-type=\"widget\" data-widget_type=\"image.default\">\n\t\t\t\t<div class=\"elementor-widget-container\">\n\t\t\t\t\t\t\t\t\t\t\t\t\t\t\t<img fetchpriority=\"high\" decoding=\"async\" width=\"512\" height=\"512\" src=\"https:\/\/carbonchallenge.concentrix.com\/app\/uploads\/2024\/05\/cropped-CarbonChallenge.png\" class=\"attachment-large size-large wp-image-2276\" alt=\"\" srcset=\"https:\/\/carbonchallenge.concentrix.com\/app\/uploads\/2024\/05\/cropped-CarbonChallenge.png 512w, https:\/\/carbonchallenge.concentrix.com\/app\/uploads\/2024\/05\/cropped-CarbonChallenge-300x300.png 300w, https:\/\/carbonchallenge.concentrix.com\/app\/uploads\/2024\/05\/cropped-CarbonChallenge-150x150.png 150w, https:\/\/carbonchallenge.concentrix.com\/app\/uploads\/2024\/05\/cropped-CarbonChallenge-270x270.png 270w, https:\/\/carbonchallenge.concentrix.com\/app\/uploads\/2024\/05\/cropped-CarbonChallenge-192x192.png 192w, https:\/\/carbonchallenge.concentrix.com\/app\/uploads\/2024\/05\/cropped-CarbonChallenge-180x180.png 180w, https:\/\/carbonchallenge.concentrix.com\/app\/uploads\/2024\/05\/cropped-CarbonChallenge-32x32.png 32w\" sizes=\"(max-width: 512px) 100vw, 512px\" \/>\t\t\t\t\t\t\t\t\t\t\t\t\t\t\t<\/div>\n\t\t\t\t<\/div>\n\t\t\t\t\t<\/div>\n\t\t<\/div>\n\t\t\t\t\t<\/div>\n\t\t<\/section>\n\t\t\t\t<div class=\"elementor-element elementor-element-f06eccb elementor-widget elementor-widget-spacer\" data-id=\"f06eccb\" data-element_type=\"widget\" data-e-type=\"widget\" data-widget_type=\"spacer.default\">\n\t\t\t\t<div class=\"elementor-widget-container\">\n\t\t\t\t\t\t\t<div class=\"elementor-spacer\">\n\t\t\t<div class=\"elementor-spacer-inner\"><\/div>\n\t\t<\/div>\n\t\t\t\t\t\t<\/div>\n\t\t\t\t<\/div>\n\t\t\t\t\t<\/div>\n\t\t<\/div>\n\t\t\t\t\t<\/div>\n\t\t<\/section>\n\t\t\t\t<\/div>\n\t\t","protected":false},"excerpt":{"rendered":"<p>O firmieW\u0119giel Wyzwanie Nadszed\u0142 czas, aby co\u015b zrobi\u0107 dla planety. Zmiany klimatyczne wywracaj\u0105 do g\u00f3ry nogami spos\u00f3b, w jaki \u017cyjemy \u2013 wraz z rosn\u0105cym Zagro\u017cenie, ekstremalne zmiany pogody i podnosz\u0105cy si\u0119 poziom m\u00f3rz nasze zdrowie, nasze \u017ar\u00f3d\u0142a po\u017cywienia, a nawet sama woda, kt\u00f3r\u0105 pijemy. Przysz\u0142o\u015b\u0107 rysuje si\u0119 w tragicznych barwach, je\u015bli nie podejmiemy dzia\u0142a\u0144 na [&hellip;]<\/p>\n","protected":false},"author":1,"featured_media":0,"parent":0,"menu_order":0,"comment_status":"closed","ping_status":"closed","template":"elementor_header_footer","meta":{"footnotes":""},"class_list":["post-3651","page","type-page","status-publish","hentry"],"_links":{"self":[{"href":"https:\/\/carbonchallenge.concentrix.com\/pl\/wp-json\/wp\/v2\/pages\/3651","targetHints":{"allow":["GET"]}}],"collection":[{"href":"https:\/\/carbonchallenge.concentrix.com\/pl\/wp-json\/wp\/v2\/pages"}],"about":[{"href":"https:\/\/carbonchallenge.concentrix.com\/pl\/wp-json\/wp\/v2\/types\/page"}],"author":[{"embeddable":true,"href":"https:\/\/carbonchallenge.concentrix.com\/pl\/wp-json\/wp\/v2\/users\/1"}],"replies":[{"embeddable":true,"href":"https:\/\/carbonchallenge.concentrix.com\/pl\/wp-json\/wp\/v2\/comments?post=3651"}],"version-history":[{"count":2,"href":"https:\/\/carbonchallenge.concentrix.com\/pl\/wp-json\/wp\/v2\/pages\/3651\/revisions"}],"predecessor-version":[{"id":40041,"href":"https:\/\/carbonchallenge.concentrix.com\/pl\/wp-json\/wp\/v2\/pages\/3651\/revisions\/40041"}],"wp:attachment":[{"href":"https:\/\/carbonchallenge.concentrix.com\/pl\/wp-json\/wp\/v2\/media?parent=3651"}],"curies":[{"name":"wp","href":"https:\/\/api.w.org\/{rel}","templated":true}]}}