{"id":109351,"date":"2025-11-24T16:32:50","date_gmt":"2025-11-24T08:32:50","guid":{"rendered":"https:\/\/carbonchallenge.concentrix.com\/chi-siamo\/"},"modified":"2026-02-04T17:14:52","modified_gmt":"2026-02-04T09:14:52","slug":"chi-siamo","status":"publish","type":"page","link":"https:\/\/carbonchallenge.concentrix.com\/it\/chi-siamo\/","title":{"rendered":"Chi siamo"},"content":{"rendered":"\t\t<div data-elementor-type=\"wp-page\" data-elementor-id=\"109351\" class=\"elementor elementor-109351 elementor-108124\" data-elementor-post-type=\"page\">\n\t\t\t\t\t\t<section class=\"elementor-section elementor-top-section elementor-element elementor-element-fa9fc3b elementor-section-full_width elementor-section-height-full elementor-section-items-stretch elementor-section-stretched elementor-section-height-default\" data-id=\"fa9fc3b\" data-element_type=\"section\" data-e-type=\"section\" data-settings=\"{&quot;stretch_section&quot;:&quot;section-stretched&quot;}\">\n\t\t\t\t\t\t<div class=\"elementor-container elementor-column-gap-no\">\n\t\t\t\t\t<div class=\"elementor-column elementor-col-100 elementor-top-column elementor-element elementor-element-9d0cc49\" data-id=\"9d0cc49\" data-element_type=\"column\" data-e-type=\"column\">\n\t\t\t<div class=\"elementor-widget-wrap elementor-element-populated\">\n\t\t\t\t\t\t<section class=\"elementor-section elementor-inner-section elementor-element elementor-element-119f259 elementor-section-full_width elementor-section-height-default elementor-section-height-default\" data-id=\"119f259\" data-element_type=\"section\" data-e-type=\"section\">\n\t\t\t\t\t\t<div class=\"elementor-container elementor-column-gap-no\">\n\t\t\t\t\t<div class=\"elementor-column elementor-col-50 elementor-inner-column elementor-element elementor-element-9a2d9d3\" data-id=\"9a2d9d3\" data-element_type=\"column\" data-e-type=\"column\" id=\"desktop-sidebar\">\n\t\t\t<div class=\"elementor-widget-wrap elementor-element-populated\">\n\t\t\t\t\t\t<div class=\"elementor-element elementor-element-6de234e elementor-widget__width-inherit elementor-widget elementor-widget-template\" data-id=\"6de234e\" data-element_type=\"widget\" data-e-type=\"widget\" data-widget_type=\"template.default\">\n\t\t\t\t<div class=\"elementor-widget-container\">\n\t\t\t\t\t\t\t<div class=\"elementor-template\">\n\t\t\t\t\t<div data-elementor-type=\"section\" data-elementor-id=\"108209\" class=\"elementor elementor-108209 elementor-108190 elementor-108190\" data-elementor-post-type=\"elementor_library\">\n\t\t\t\t\t<section class=\"elementor-section elementor-top-section elementor-element elementor-element-2eaa5cd elementor-section-boxed elementor-section-height-default elementor-section-height-default\" data-id=\"2eaa5cd\" data-element_type=\"section\" data-e-type=\"section\">\n\t\t\t\t\t\t<div class=\"elementor-container elementor-column-gap-default\">\n\t\t\t\t\t<div class=\"elementor-column elementor-col-100 elementor-top-column elementor-element elementor-element-c83f4b0\" data-id=\"c83f4b0\" data-element_type=\"column\" data-e-type=\"column\">\n\t\t\t<div class=\"elementor-widget-wrap elementor-element-populated\">\n\t\t\t\t<!-- dce invisible element 4f93ec4 -->\t\t<div class=\"elementor-element elementor-element-1491dd9 elementor-icon-list--layout-traditional elementor-list-item-link-full_width elementor-widget elementor-widget-icon-list\" data-id=\"1491dd9\" data-element_type=\"widget\" data-e-type=\"widget\" id=\"sidebar-menu\" data-settings=\"{&quot;enabled_visibility&quot;:&quot;yes&quot;,&quot;dce_visibility_selected&quot;:&quot;yes&quot;}\" data-widget_type=\"icon-list.default\">\n\t\t\t\t<div class=\"elementor-widget-container\">\n\t\t\t\t\t\t\t<ul class=\"elementor-icon-list-items\">\n\t\t\t\t\t\t\t<li class=\"elementor-icon-list-item\">\n\t\t\t\t\t\t\t\t\t\t\t<a href=\"https:\/\/carbonchallenge.concentrix.com\/it\/casa-nuova\/?nocache=1\">\n\n\t\t\t\t\t\t\t\t\t\t\t\t<span class=\"elementor-icon-list-icon\">\n\t\t\t\t\t\t\t<svg xmlns=\"http:\/\/www.w3.org\/2000\/svg\" width=\"24\" height=\"24\" viewBox=\"0 0 24 24\" fill=\"none\"><path d=\"M6 19H9V14C9 13.7167 9.09583 13.4792 9.2875 13.2875C9.47917 13.0958 9.71667 13 10 13H14C14.2833 13 14.5208 13.0958 14.7125 13.2875C14.9042 13.4792 15 13.7167 15 14V19H18V10L12 5.5L6 10V19ZM4 19V10C4 9.68333 4.07083 9.38333 4.2125 9.1C4.35417 8.81667 4.55 8.58333 4.8 8.4L10.8 3.9C11.15 3.63333 11.55 3.5 12 3.5C12.45 3.5 12.85 3.63333 13.2 3.9L19.2 8.4C19.45 8.58333 19.6458 8.81667 19.7875 9.1C19.9292 9.38333 20 9.68333 20 10V19C20 19.55 19.8042 20.0208 19.4125 20.4125C19.0208 20.8042 18.55 21 18 21H14C13.7167 21 13.4792 20.9042 13.2875 20.7125C13.0958 20.5208 13 20.2833 13 20V15H11V20C11 20.2833 10.9042 20.5208 10.7125 20.7125C10.5208 20.9042 10.2833 21 10 21H6C5.45 21 4.97917 20.8042 4.5875 20.4125C4.19583 20.0208 4 19.55 4 19Z\" fill=\"#6C6D6E\"><\/path><\/svg>\t\t\t\t\t\t<\/span>\n\t\t\t\t\t\t\t\t\t\t<span class=\"elementor-icon-list-text\">Casa<\/span>\n\t\t\t\t\t\t\t\t\t\t\t<\/a>\n\t\t\t\t\t\t\t\t\t<\/li>\n\t\t\t\t\t\t\t\t<li class=\"elementor-icon-list-item\">\n\t\t\t\t\t\t\t\t\t\t\t<a href=\"https:\/\/carbonchallenge.concentrix.com\/it\/chi-siamo\/?nocache=1\">\n\n\t\t\t\t\t\t\t\t\t\t\t\t<span class=\"elementor-icon-list-icon\">\n\t\t\t\t\t\t\t<svg xmlns=\"http:\/\/www.w3.org\/2000\/svg\" width=\"24\" height=\"24\" viewBox=\"0 0 24 24\" fill=\"none\"><path d=\"M12 17C12.2833 17 12.5208 16.9042 12.7125 16.7125C12.9042 16.5208 13 16.2833 13 16V12C13 11.7167 12.9042 11.4792 12.7125 11.2875C12.5208 11.0958 12.2833 11 12 11C11.7167 11 11.4792 11.0958 11.2875 11.2875C11.0958 11.4792 11 11.7167 11 12V16C11 16.2833 11.0958 16.5208 11.2875 16.7125C11.4792 16.9042 11.7167 17 12 17ZM12 9C12.2833 9 12.5208 8.90417 12.7125 8.7125C12.9042 8.52083 13 8.28333 13 8C13 7.71667 12.9042 7.47917 12.7125 7.2875C12.5208 7.09583 12.2833 7 12 7C11.7167 7 11.4792 7.09583 11.2875 7.2875C11.0958 7.47917 11 7.71667 11 8C11 8.28333 11.0958 8.52083 11.2875 8.7125C11.4792 8.90417 11.7167 9 12 9ZM12 22C10.6167 22 9.31667 21.7375 8.1 21.2125C6.88333 20.6875 5.825 19.975 4.925 19.075C4.025 18.175 3.3125 17.1167 2.7875 15.9C2.2625 14.6833 2 13.3833 2 12C2 10.6167 2.2625 9.31667 2.7875 8.1C3.3125 6.88333 4.025 5.825 4.925 4.925C5.825 4.025 6.88333 3.3125 8.1 2.7875C9.31667 2.2625 10.6167 2 12 2C13.3833 2 14.6833 2.2625 15.9 2.7875C17.1167 3.3125 18.175 4.025 19.075 4.925C19.975 5.825 20.6875 6.88333 21.2125 8.1C21.7375 9.31667 22 10.6167 22 12C22 13.3833 21.7375 14.6833 21.2125 15.9C20.6875 17.1167 19.975 18.175 19.075 19.075C18.175 19.975 17.1167 20.6875 15.9 21.2125C14.6833 21.7375 13.3833 22 12 22ZM12 20C14.2333 20 16.125 19.225 17.675 17.675C19.225 16.125 20 14.2333 20 12C20 9.76667 19.225 7.875 17.675 6.325C16.125 4.775 14.2333 4 12 4C9.76667 4 7.875 4.775 6.325 6.325C4.775 7.875 4 9.76667 4 12C4 14.2333 4.775 16.125 6.325 17.675C7.875 19.225 9.76667 20 12 20Z\" fill=\"#121212\" fill-opacity=\"0.56\"><\/path><\/svg>\t\t\t\t\t\t<\/span>\n\t\t\t\t\t\t\t\t\t\t<span class=\"elementor-icon-list-text\">Chi siamo<\/span>\n\t\t\t\t\t\t\t\t\t\t\t<\/a>\n\t\t\t\t\t\t\t\t\t<\/li>\n\t\t\t\t\t\t\t\t<li class=\"elementor-icon-list-item\">\n\t\t\t\t\t\t\t\t\t\t\t<a href=\"https:\/\/carbonchallenge.concentrix.com\/it\/video-playlist\/?nocache=1\">\n\n\t\t\t\t\t\t\t\t\t\t\t\t<span class=\"elementor-icon-list-icon\">\n\t\t\t\t\t\t\t<svg xmlns=\"http:\/\/www.w3.org\/2000\/svg\" width=\"24\" height=\"24\" viewBox=\"0 0 24 24\" fill=\"none\"><path d=\"M4 20C3.45 20 2.97917 19.8042 2.5875 19.4125C2.19583 19.0208 2 18.55 2 18V6C2 5.45 2.19583 4.97917 2.5875 4.5875C2.97917 4.19583 3.45 4 4 4H16C16.55 4 17.0208 4.19583 17.4125 4.5875C17.8042 4.97917 18 5.45 18 6V10.5L21.15 7.35C21.3167 7.18333 21.5 7.14167 21.7 7.225C21.9 7.30833 22 7.46667 22 7.7V16.3C22 16.5333 21.9 16.6917 21.7 16.775C21.5 16.8583 21.3167 16.8167 21.15 16.65L18 13.5V18C18 18.55 17.8042 19.0208 17.4125 19.4125C17.0208 19.8042 16.55 20 16 20H4ZM4 18H16V6H4V18Z\" fill=\"#121212\" fill-opacity=\"0.56\"><\/path><\/svg>\t\t\t\t\t\t<\/span>\n\t\t\t\t\t\t\t\t\t\t<span class=\"elementor-icon-list-text\">Video Playlist<\/span>\n\t\t\t\t\t\t\t\t\t\t\t<\/a>\n\t\t\t\t\t\t\t\t\t<\/li>\n\t\t\t\t\t\t\t\t<li class=\"elementor-icon-list-item\">\n\t\t\t\t\t\t\t\t\t\t\t<a href=\"https:\/\/carbonchallenge.concentrix.com\/it\/novita\/?nocache=1\">\n\n\t\t\t\t\t\t\t\t\t\t\t\t<span class=\"elementor-icon-list-icon\">\n\t\t\t\t\t\t\t<svg xmlns=\"http:\/\/www.w3.org\/2000\/svg\" width=\"24\" height=\"24\" viewBox=\"0 0 24 24\" fill=\"none\"><path d=\"M10.95 12.6999L9.49995 11.2749C9.31662 11.0915 9.08745 10.9999 8.81245 10.9999C8.53745 10.9999 8.29995 11.0999 8.09995 11.2999C7.91662 11.4832 7.82495 11.7165 7.82495 11.9999C7.82495 12.2832 7.91662 12.5165 8.09995 12.6999L10.25 14.8499C10.45 15.0499 10.6833 15.1499 10.95 15.1499C11.2166 15.1499 11.45 15.0499 11.65 14.8499L15.9 10.5999C16.1 10.3999 16.1958 10.1665 16.1875 9.89987C16.1791 9.63321 16.0833 9.39987 15.9 9.19987C15.7 8.99987 15.4625 8.89571 15.1875 8.88737C14.9125 8.87904 14.675 8.97487 14.475 9.17487L10.95 12.6999ZM8.14995 21.7499L6.69995 19.2999L3.94995 18.6999C3.69995 18.6499 3.49995 18.5207 3.34995 18.3124C3.19995 18.104 3.14162 17.8749 3.17495 17.6249L3.44995 14.7999L1.57495 12.6499C1.40828 12.4665 1.32495 12.2499 1.32495 11.9999C1.32495 11.7499 1.40828 11.5332 1.57495 11.3499L3.44995 9.19987L3.17495 6.37487C3.14162 6.12487 3.19995 5.89571 3.34995 5.68737C3.49995 5.47904 3.69995 5.34987 3.94995 5.29987L6.69995 4.69987L8.14995 2.24987C8.28328 2.03321 8.46662 1.88737 8.69995 1.81237C8.93328 1.73737 9.16662 1.74987 9.39995 1.84987L12 2.94987L14.6 1.84987C14.8333 1.74987 15.0666 1.73737 15.3 1.81237C15.5333 1.88737 15.7166 2.03321 15.85 2.24987L17.3 4.69987L20.05 5.29987C20.3 5.34987 20.5 5.47904 20.65 5.68737C20.8 5.89571 20.8583 6.12487 20.825 6.37487L20.55 9.19987L22.425 11.3499C22.5916 11.5332 22.675 11.7499 22.675 11.9999C22.675 12.2499 22.5916 12.4665 22.425 12.6499L20.55 14.7999L20.825 17.6249C20.8583 17.8749 20.8 18.104 20.65 18.3124C20.5 18.5207 20.3 18.6499 20.05 18.6999L17.3 19.2999L15.85 21.7499C15.7166 21.9665 15.5333 22.1124 15.3 22.1874C15.0666 22.2624 14.8333 22.2499 14.6 22.1499L12 21.0499L9.39995 22.1499C9.16662 22.2499 8.93328 22.2624 8.69995 22.1874C8.46662 22.1124 8.28328 21.9665 8.14995 21.7499ZM9.44995 19.9499L12 18.8499L14.6 19.9499L16 17.5499L18.75 16.8999L18.5 14.0999L20.35 11.9999L18.5 9.84987L18.75 7.04987L16 6.44987L14.55 4.04987L12 5.14987L9.39995 4.04987L7.99995 6.44987L5.24995 7.04987L5.49995 9.84987L3.64995 11.9999L5.49995 14.0999L5.24995 16.9499L7.99995 17.5499L9.44995 19.9499Z\" fill=\"#121212\" fill-opacity=\"0.56\"><\/path><\/svg>\t\t\t\t\t\t<\/span>\n\t\t\t\t\t\t\t\t\t\t<span class=\"elementor-icon-list-text\">Novit\u00e0?<\/span>\n\t\t\t\t\t\t\t\t\t\t\t<\/a>\n\t\t\t\t\t\t\t\t\t<\/li>\n\t\t\t\t\t\t<\/ul>\n\t\t\t\t\t\t<\/div>\n\t\t\t\t<\/div>\n\t\t\t\t\t<\/div>\n\t\t<\/div>\n\t\t\t\t\t<\/div>\n\t\t<\/section>\n\t\t\t\t<\/div>\n\t\t\t\t<\/div>\n\t\t\t\t\t\t<\/div>\n\t\t\t\t<\/div>\n\t\t\t\t\t<\/div>\n\t\t<\/div>\n\t\t\t\t<div class=\"elementor-column elementor-col-50 elementor-inner-column elementor-element elementor-element-9f0cd33\" data-id=\"9f0cd33\" data-element_type=\"column\" data-e-type=\"column\" id=\"main-content\">\n\t\t\t<div class=\"elementor-widget-wrap elementor-element-populated\">\n\t\t\t\t\t\t<div class=\"elementor-element elementor-element-3742432 elementor-widget elementor-widget-template\" data-id=\"3742432\" data-element_type=\"widget\" data-e-type=\"widget\" data-widget_type=\"template.default\">\n\t\t\t\t<div class=\"elementor-widget-container\">\n\t\t\t\t\t\t\t<div class=\"elementor-template\">\n\t\t\t\t\t<div data-elementor-type=\"section\" data-elementor-id=\"108228\" class=\"elementor elementor-108228 elementor-108192 elementor-108192\" data-elementor-post-type=\"elementor_library\">\n\t\t\t\t\t<section class=\"elementor-section elementor-top-section elementor-element elementor-element-665835b elementor-section-full_width elementor-section-height-default elementor-section-height-default\" data-id=\"665835b\" data-element_type=\"section\" data-e-type=\"section\">\n\t\t\t\t\t\t<div class=\"elementor-container elementor-column-gap-default\">\n\t\t\t\t\t<div class=\"elementor-column elementor-col-100 elementor-top-column elementor-element elementor-element-95944fd\" data-id=\"95944fd\" data-element_type=\"column\" data-e-type=\"column\">\n\t\t\t<div class=\"elementor-widget-wrap elementor-element-populated\">\n\t\t\t\t<!-- dce invisible element e5e7c7a -->\t\t<div class=\"elementor-element elementor-element-480d6cb content-align-cta-default elementor-widget elementor-widget-eael-cta-box\" data-id=\"480d6cb\" data-element_type=\"widget\" data-e-type=\"widget\" data-settings=\"{&quot;enabled_visibility&quot;:&quot;yes&quot;,&quot;dce_visibility_selected&quot;:&quot;yes&quot;}\" data-widget_type=\"eael-cta-box.default\">\n\t\t\t\t<div class=\"elementor-widget-container\">\n\t\t\t\t\t\t\t<div class=\"eael-call-to-action cta-basic bg-img cta-preset-1\">\n        <h2 class=\"title eael-cta-heading\">Chi siamo<\/h2><p>Aiutaci a creare un futuro sostenibile, un'azione alla volta<\/p><a href=\"\/login\/\" class=\"cta-button cta-preset-1  \">Accedi - Concentrix SSO<\/a><a href=\"\/login\/\" class=\"cta-button cta-secondary-button \">Accedi - Ospite<\/a>\t<\/div>\n\t\t\t\t\t\t\t\t<\/div>\n\t\t\t\t<\/div>\n\t\t\t\t\t<\/div>\n\t\t<\/div>\n\t\t\t\t\t<\/div>\n\t\t<\/section>\n\t\t\t\t<\/div>\n\t\t\t\t<\/div>\n\t\t\t\t\t\t<\/div>\n\t\t\t\t<\/div>\n\t\t\t\t<div class=\"elementor-element elementor-element-b405578 elementor-widget elementor-widget-html\" data-id=\"b405578\" data-element_type=\"widget\" data-e-type=\"widget\" data-widget_type=\"html.default\">\n\t\t\t\t<div class=\"elementor-widget-container\">\n\t\t\t\t\t<div class=\"eco-challenge-container\">\n    <div class=\"eco-header\">\n        <div class=\"eco-image-container\">\n            <img decoding=\"async\" src=\"https:\/\/carbonchallenge-uat.concentrix.com\/app\/uploads\/2025\/11\/Stars.png\" alt=\"Illustrazione del pianeta\" class=\"eco-image\">\n        <\/div>\n        <div class=\"eco-text\">\n            <h1>\u00c8 ora di fare qualcosa per <span class=\"highlight\">il pianeta<\/span><\/h1>\n            <p>\n  Il cambiamento climatico sta sconvolgendo il nostro modo di vivere \u2013 con temperature in aumento, cambiamenti climatici estremi e innalzamento del livello del mare che minacciano la nostra salute, le nostre fonti di cibo e persino l'acqua stessa che beviamo. Il futuro \u00e8 disperato\u2014se non agiamo per un pianeta sostenibile. \n            <\/p>\n            <p>\n  Il fatto \u00e8 che le cose pi\u00f9 semplici possono davvero fare la differenza se le facciamo tutti insieme. Questo portale Carbon Challenge \u00e8 una piattaforma divertente e facile da usare che mostra come semplici cambiamenti nello stile di vita possano avere un impatto sulla propria impronta di carbonio e contribuire alla riduzione globale delle emissioni. Non serve un grande gesto per fare la differenza\u2014vivere in modo pi\u00f9 sostenibile, come l'uso di una ecobag riutilizzabile, pu\u00f2 significare molto. E insieme, possiamo lasciare il pianeta migliore di come l'abbiamo trovato per le generazioni future.   \n            <\/p>\n            <p>\n  Le sfide sono raggruppate attorno a cinque (5) aree chiave di azione ambientale. I nostri calcoli sul carbonio sono verificati da un revisore terzo-TUV Asia meridionale. Per maggiori dettagli, consulta la nostra metodologia <a href=\"https:\/\/carbonchallenge.concentrix.com\/app\/uploads\/2025\/08\/Carbon-Challenge-Methodology.pdf\">qui<\/a>.  \n            <\/p>\n        <\/div>\n    <\/div>\n\n    <!-- New container for the two-column layout -->\n    <div class=\"eco-bottom-section\">\n        <div class=\"eco-badges\">\n            <h3>Distintivi Eco-Champion<\/h3>\n            <p>Guadagna un distintivo Eco-Campione aggiungendo azioni verdi. La quantit\u00e0 di CO2e calcolata risparmiata dalle tue azioni ecologiche determiner\u00e0 il livello del tuo badge! <\/p>\n\n            <div class=\"badge\">\n                <img decoding=\"async\" src=\"https:\/\/carbonchallenge-uat.concentrix.com\/app\/uploads\/2025\/11\/badgess.png\" alt=\"Distintivo per principianti\">\n                <div class=\"badge-text\">\n                    <h4>Principiante<\/h4>\n                    <p>Riceverai un distintivo Principiante se hai ridotto o evitato da 1 kg a 500 kg di CO2e in base alle tue azioni verdi registrate.<\/p>\n                <\/div>\n            <\/div>\n\n            <div class=\"badge\">\n                <img decoding=\"async\" src=\"https:\/\/carbonchallenge-uat.concentrix.com\/app\/uploads\/2025\/11\/badgess-1.png\" alt=\"Distintivo Accelerator\">\n                <div class=\"badge-text\">\n                    <h4>Acceleratore<\/h4>\n                    <p>Riceverai un distintivo Acceleratore se hai ridotto o evitato 501 kg-1200 kg di CO2e in base alle azioni verdi registrate.<\/p>\n                <\/div>\n            <\/div>\n\n            <div class=\"badge\">\n                <img decoding=\"async\" src=\"https:\/\/carbonchallenge-uat.concentrix.com\/app\/uploads\/2025\/11\/badgess-2.png\" alt=\"Distintivo d'\u00e9lite\">\n                <div class=\"badge-text\">\n                    <h4>Elite<\/h4>\n                    <p>Riceverai un badge Elite se hai ridotto o evitato 1201 kg di CO2e in base alle tue azioni verdi registrate.<\/p>\n                <\/div>\n            <\/div>\n        <\/div>\n\n        <div class=\"eco-illustration\">\n            <img decoding=\"async\" src=\"https:\/\/carbonchallenge-uat.concentrix.com\/app\/uploads\/2025\/11\/planting.png\" alt=\"Persone che piantano alberi\">\n        <\/div>\n    <\/div>\n<\/div>\t\t\t\t<\/div>\n\t\t\t\t<\/div>\n\t\t\t\t\t<\/div>\n\t\t<\/div>\n\t\t\t\t\t<\/div>\n\t\t<\/section>\n\t\t\t\t\t<\/div>\n\t\t<\/div>\n\t\t\t\t\t<\/div>\n\t\t<\/section>\n\t\t\t\t<section class=\"elementor-section elementor-top-section elementor-element elementor-element-30089b9 elementor-section-boxed elementor-section-height-default elementor-section-height-default\" data-id=\"30089b9\" data-element_type=\"section\" data-e-type=\"section\">\n\t\t\t\t\t\t<div class=\"elementor-container elementor-column-gap-default\">\n\t\t\t\t\t<div class=\"elementor-column elementor-col-100 elementor-top-column elementor-element elementor-element-35aa4a1\" data-id=\"35aa4a1\" data-element_type=\"column\" data-e-type=\"column\">\n\t\t\t<div class=\"elementor-widget-wrap\">\n\t\t\t\t\t\t\t<\/div>\n\t\t<\/div>\n\t\t\t\t\t<\/div>\n\t\t<\/section>\n\t\t\t\t<\/div>\n\t\t","protected":false},"excerpt":{"rendered":"<p>\u00c8 ora di fare qualcosa per il pianeta Il cambiamento climatico sta sconvolgendo il nostro modo di vivere \u2013 con temperature in aumento, cambiamenti climatici estremi e innalzamento del livello del mare che minacciano la nostra salute, le nostre fonti di cibo e persino l&#8217;acqua stessa che beviamo. Il futuro \u00e8 disperato\u2014se non agiamo per [&hellip;]<\/p>\n","protected":false},"author":3360,"featured_media":0,"parent":0,"menu_order":0,"comment_status":"closed","ping_status":"closed","template":"","meta":{"footnotes":""},"class_list":["post-109351","page","type-page","status-publish","hentry"],"_links":{"self":[{"href":"https:\/\/carbonchallenge.concentrix.com\/it\/wp-json\/wp\/v2\/pages\/109351","targetHints":{"allow":["GET"]}}],"collection":[{"href":"https:\/\/carbonchallenge.concentrix.com\/it\/wp-json\/wp\/v2\/pages"}],"about":[{"href":"https:\/\/carbonchallenge.concentrix.com\/it\/wp-json\/wp\/v2\/types\/page"}],"author":[{"embeddable":true,"href":"https:\/\/carbonchallenge.concentrix.com\/it\/wp-json\/wp\/v2\/users\/3360"}],"replies":[{"embeddable":true,"href":"https:\/\/carbonchallenge.concentrix.com\/it\/wp-json\/wp\/v2\/comments?post=109351"}],"version-history":[{"count":6,"href":"https:\/\/carbonchallenge.concentrix.com\/it\/wp-json\/wp\/v2\/pages\/109351\/revisions"}],"predecessor-version":[{"id":111053,"href":"https:\/\/carbonchallenge.concentrix.com\/it\/wp-json\/wp\/v2\/pages\/109351\/revisions\/111053"}],"wp:attachment":[{"href":"https:\/\/carbonchallenge.concentrix.com\/it\/wp-json\/wp\/v2\/media?parent=109351"}],"curies":[{"name":"wp","href":"https:\/\/api.w.org\/{rel}","templated":true}]}}