{"id":3659,"date":"2024-06-17T17:41:19","date_gmt":"2024-06-17T09:41:19","guid":{"rendered":"https:\/\/carbonchallenge.concentrix.com\/acerca-de\/"},"modified":"2025-08-08T16:37:00","modified_gmt":"2025-08-08T08:37:00","slug":"acerca-de","status":"publish","type":"page","link":"https:\/\/carbonchallenge.concentrix.com\/es\/acerca-de\/","title":{"rendered":"Acerca de"},"content":{"rendered":"\t\t<div data-elementor-type=\"wp-page\" data-elementor-id=\"3659\" class=\"elementor elementor-3659 elementor-197\" data-elementor-post-type=\"page\">\n\t\t\t\t\t\t<section class=\"elementor-section elementor-top-section elementor-element elementor-element-531e986 elementor-section-boxed elementor-section-height-default elementor-section-height-default\" data-id=\"531e986\" data-element_type=\"section\" data-e-type=\"section\" data-settings=\"{&quot;background_background&quot;:&quot;classic&quot;}\">\n\t\t\t\t\t\t\t<div class=\"elementor-background-overlay\"><\/div>\n\t\t\t\t\t\t\t<div class=\"elementor-container elementor-column-gap-default\">\n\t\t\t\t\t<div class=\"elementor-column elementor-col-100 elementor-top-column elementor-element elementor-element-b4f178c\" data-id=\"b4f178c\" data-element_type=\"column\" data-e-type=\"column\">\n\t\t\t<div class=\"elementor-widget-wrap elementor-element-populated\">\n\t\t\t\t\t\t<div class=\"elementor-element elementor-element-9c9d299 elementor-widget elementor-widget-spacer\" data-id=\"9c9d299\" data-element_type=\"widget\" data-e-type=\"widget\" data-widget_type=\"spacer.default\">\n\t\t\t\t<div class=\"elementor-widget-container\">\n\t\t\t\t\t\t\t<div class=\"elementor-spacer\">\n\t\t\t<div class=\"elementor-spacer-inner\"><\/div>\n\t\t<\/div>\n\t\t\t\t\t\t<\/div>\n\t\t\t\t<\/div>\n\t\t\t\t<section class=\"elementor-section elementor-inner-section elementor-element elementor-element-f7374f3 elementor-hidden-tablet elementor-section-boxed elementor-section-height-default elementor-section-height-default\" data-id=\"f7374f3\" data-element_type=\"section\" data-e-type=\"section\">\n\t\t\t\t\t\t<div class=\"elementor-container elementor-column-gap-default\">\n\t\t\t\t\t<div class=\"elementor-column elementor-col-50 elementor-inner-column elementor-element elementor-element-e3b6c9d\" data-id=\"e3b6c9d\" data-element_type=\"column\" data-e-type=\"column\">\n\t\t\t<div class=\"elementor-widget-wrap elementor-element-populated\">\n\t\t\t\t\t\t<div class=\"elementor-element elementor-element-f952efb elementor-widget elementor-widget-heading\" data-id=\"f952efb\" data-element_type=\"widget\" data-e-type=\"widget\" data-widget_type=\"heading.default\">\n\t\t\t\t<div class=\"elementor-widget-container\">\n\t\t\t\t\t<h2 class=\"elementor-heading-title elementor-size-default\">Acerca de la<br><strong>Carbono <br>Desafiar<\/strong>\n\n<\/h2>\t\t\t\t<\/div>\n\t\t\t\t<\/div>\n\t\t\t\t\t<\/div>\n\t\t<\/div>\n\t\t\t\t<div class=\"elementor-column elementor-col-50 elementor-inner-column elementor-element elementor-element-e80de25\" data-id=\"e80de25\" data-element_type=\"column\" data-e-type=\"column\" data-settings=\"{&quot;background_background&quot;:&quot;classic&quot;}\">\n\t\t\t<div class=\"elementor-widget-wrap elementor-element-populated\">\n\t\t\t\t\t\t<div class=\"elementor-element elementor-element-bdcb8a9 elementor-widget elementor-widget-heading\" data-id=\"bdcb8a9\" data-element_type=\"widget\" data-e-type=\"widget\" data-widget_type=\"heading.default\">\n\t\t\t\t<div class=\"elementor-widget-container\">\n\t\t\t\t\t<h2 class=\"elementor-heading-title elementor-size-default\">Es hora de hacer algo por\n<\/h2>\t\t\t\t<\/div>\n\t\t\t\t<\/div>\n\t\t\t\t<div class=\"elementor-element elementor-element-e60e74a elementor-widget elementor-widget-heading\" data-id=\"e60e74a\" data-element_type=\"widget\" data-e-type=\"widget\" data-widget_type=\"heading.default\">\n\t\t\t\t<div class=\"elementor-widget-container\">\n\t\t\t\t\t<h2 class=\"elementor-heading-title elementor-size-default\">el planeta.<\/h2>\t\t\t\t<\/div>\n\t\t\t\t<\/div>\n\t\t\t\t<div class=\"elementor-element elementor-element-e5e79d7 elementor-widget elementor-widget-text-editor\" data-id=\"e5e79d7\" data-element_type=\"widget\" data-e-type=\"widget\" data-widget_type=\"text-editor.default\">\n\t\t\t\t<div class=\"elementor-widget-container\">\n\t\t\t\t\t\t\t\t\t<p>El cambio clim\u00e1tico est\u00e1 trastornando nuestra forma de vida: el aumento de las temperaturas en <br>, los cambios meteorol\u00f3gicos extremos y la subida del nivel del mar amenazan <br>nuestra salud, nuestras fuentes de alimentos e incluso el agua que bebemos. <br>El futuro es terrible si <strong>no actuamos para conseguir un planeta sostenible.<\/strong><\/p>\t\t\t\t\t\t\t\t<\/div>\n\t\t\t\t<\/div>\n\t\t\t\t<div class=\"elementor-element elementor-element-f878abf elementor-widget elementor-widget-text-editor\" data-id=\"f878abf\" data-element_type=\"widget\" data-e-type=\"widget\" data-widget_type=\"text-editor.default\">\n\t\t\t\t<div class=\"elementor-widget-container\">\n\t\t\t\t\t\t\t\t\t<p>La cuesti\u00f3n es que las cosas m\u00e1s simples pueden marcar la diferencia si todos <br>H\u00e1ganlo juntos. <strong>Este portal Carbon Challenge es divertido y f\u00e1cil de usar<\/strong> <br>plataforma que muestra c\u00f3mo los cambios simples en el estilo de vida pueden tener un impacto en <br>huella de carbono y contribuir a la reducci\u00f3n global de carbono. <br>No hace falta un gran gesto para marcar la diferencia: vivir de forma m\u00e1s sostenible <br>\u00a1Como usar una bolsa ecol\u00f3gica reutilizable puede significar mucho! Y juntos, <br>podemos dejar el planeta mejor de lo que lo encontramos para las generaciones futuras. <\/p>\t\t\t\t\t\t\t\t<\/div>\n\t\t\t\t<\/div>\n\t\t\t\t<div class=\"elementor-element elementor-element-7950fec elementor-widget elementor-widget-text-editor\" data-id=\"7950fec\" data-element_type=\"widget\" data-e-type=\"widget\" data-widget_type=\"text-editor.default\">\n\t\t\t\t<div class=\"elementor-widget-container\">\n\t\t\t\t\t\t\t\t\t<p>Los retos se agrupan en torno a <strong>cinco (5) \u00e1reas clave de acci\u00f3n medioambiental.<\/strong> <br>Nuestros c\u00e1lculos de carbono son verificados por un auditor externo: TUV South Asia.<br>Para m\u00e1s detalles, consulta nuestra metodolog\u00eda <a href=\"https:\/\/carbonchallenge.concentrix.com\/app\/uploads\/2025\/08\/Carbon-Challenge-Methodology.pdf\">aqu\u00ed<\/a>.<\/p>\t\t\t\t\t\t\t\t<\/div>\n\t\t\t\t<\/div>\n\t\t\t\t<div class=\"elementor-element elementor-element-8485a20 elementor-widget elementor-widget-text-editor\" data-id=\"8485a20\" data-element_type=\"widget\" data-e-type=\"widget\" data-widget_type=\"text-editor.default\">\n\t\t\t\t<div class=\"elementor-widget-container\">\n\t\t\t\t\t\t\t\t\t<p>\u00a1Puedes ganar una <strong>insignia de Ecocampe\u00f3n! <\/strong> <\/p>\t\t\t\t\t\t\t\t<\/div>\n\t\t\t\t<\/div>\n\t\t\t\t<div class=\"elementor-element elementor-element-712aa51 elementor-widget elementor-widget-text-editor\" data-id=\"712aa51\" data-element_type=\"widget\" data-e-type=\"widget\" data-widget_type=\"text-editor.default\">\n\t\t\t\t<div class=\"elementor-widget-container\">\n\t\t\t\t\t\t\t\t\tPara m\u00e1s detalles, <a class=\"badge\" href=\"#\">haz clic aqu\u00ed<\/a>\t\t\t\t\t\t\t\t<\/div>\n\t\t\t\t<\/div>\n\t\t\t\t<div class=\"elementor-element elementor-element-16dac9b elementor-widget elementor-widget-image\" data-id=\"16dac9b\" data-element_type=\"widget\" data-e-type=\"widget\" data-widget_type=\"image.default\">\n\t\t\t\t<div class=\"elementor-widget-container\">\n\t\t\t\t\t\t\t\t\t\t\t\t\t\t\t<img fetchpriority=\"high\" decoding=\"async\" width=\"512\" height=\"512\" src=\"https:\/\/carbonchallenge.concentrix.com\/app\/uploads\/2024\/05\/cropped-CarbonChallenge.png\" class=\"attachment-large size-large wp-image-2279\" alt=\"\" srcset=\"https:\/\/carbonchallenge.concentrix.com\/app\/uploads\/2024\/05\/cropped-CarbonChallenge.png 512w, https:\/\/carbonchallenge.concentrix.com\/app\/uploads\/2024\/05\/cropped-CarbonChallenge-300x300.png 300w, https:\/\/carbonchallenge.concentrix.com\/app\/uploads\/2024\/05\/cropped-CarbonChallenge-150x150.png 150w, https:\/\/carbonchallenge.concentrix.com\/app\/uploads\/2024\/05\/cropped-CarbonChallenge-270x270.png 270w, https:\/\/carbonchallenge.concentrix.com\/app\/uploads\/2024\/05\/cropped-CarbonChallenge-192x192.png 192w, https:\/\/carbonchallenge.concentrix.com\/app\/uploads\/2024\/05\/cropped-CarbonChallenge-180x180.png 180w, https:\/\/carbonchallenge.concentrix.com\/app\/uploads\/2024\/05\/cropped-CarbonChallenge-32x32.png 32w\" sizes=\"(max-width: 512px) 100vw, 512px\" \/>\t\t\t\t\t\t\t\t\t\t\t\t\t\t\t<\/div>\n\t\t\t\t<\/div>\n\t\t\t\t\t<\/div>\n\t\t<\/div>\n\t\t\t\t\t<\/div>\n\t\t<\/section>\n\t\t\t\t<section class=\"elementor-section elementor-inner-section elementor-element elementor-element-9019159 elementor-hidden-desktop elementor-hidden-mobile elementor-section-boxed elementor-section-height-default elementor-section-height-default\" data-id=\"9019159\" data-element_type=\"section\" data-e-type=\"section\">\n\t\t\t\t\t\t<div class=\"elementor-container elementor-column-gap-default\">\n\t\t\t\t\t<div class=\"elementor-column elementor-col-100 elementor-inner-column elementor-element elementor-element-d69fa49\" data-id=\"d69fa49\" data-element_type=\"column\" data-e-type=\"column\">\n\t\t\t<div class=\"elementor-widget-wrap elementor-element-populated\">\n\t\t\t\t\t\t<div class=\"elementor-element elementor-element-9979eb9 elementor-widget elementor-widget-heading\" data-id=\"9979eb9\" data-element_type=\"widget\" data-e-type=\"widget\" data-widget_type=\"heading.default\">\n\t\t\t\t<div class=\"elementor-widget-container\">\n\t\t\t\t\t<h2 class=\"elementor-heading-title elementor-size-default\">Acerca de la<br><strong>Desaf\u00edo del carbono \n<\/strong>\n\n<\/h2>\t\t\t\t<\/div>\n\t\t\t\t<\/div>\n\t\t\t\t\t<\/div>\n\t\t<\/div>\n\t\t\t\t\t<\/div>\n\t\t<\/section>\n\t\t\t\t<section class=\"elementor-section elementor-inner-section elementor-element elementor-element-d431413 elementor-hidden-desktop elementor-hidden-mobile elementor-section-boxed elementor-section-height-default elementor-section-height-default\" data-id=\"d431413\" data-element_type=\"section\" data-e-type=\"section\">\n\t\t\t\t\t\t<div class=\"elementor-container elementor-column-gap-default\">\n\t\t\t\t\t<div class=\"elementor-column elementor-col-100 elementor-inner-column elementor-element elementor-element-348370a\" data-id=\"348370a\" data-element_type=\"column\" data-e-type=\"column\" data-settings=\"{&quot;background_background&quot;:&quot;classic&quot;}\">\n\t\t\t<div class=\"elementor-widget-wrap elementor-element-populated\">\n\t\t\t\t\t\t<div class=\"elementor-element elementor-element-bbc0415 elementor-widget-tablet__width-initial elementor-widget elementor-widget-heading\" data-id=\"bbc0415\" data-element_type=\"widget\" data-e-type=\"widget\" data-widget_type=\"heading.default\">\n\t\t\t\t<div class=\"elementor-widget-container\">\n\t\t\t\t\t<h2 class=\"elementor-heading-title elementor-size-default\">Es hora de hacer algo por\n<\/h2>\t\t\t\t<\/div>\n\t\t\t\t<\/div>\n\t\t\t\t<div class=\"elementor-element elementor-element-29020b4 elementor-widget-tablet__width-initial elementor-widget elementor-widget-heading\" data-id=\"29020b4\" data-element_type=\"widget\" data-e-type=\"widget\" data-widget_type=\"heading.default\">\n\t\t\t\t<div class=\"elementor-widget-container\">\n\t\t\t\t\t<h2 class=\"elementor-heading-title elementor-size-default\">el planeta.<\/h2>\t\t\t\t<\/div>\n\t\t\t\t<\/div>\n\t\t\t\t<div class=\"elementor-element elementor-element-47f5aba elementor-widget elementor-widget-text-editor\" data-id=\"47f5aba\" data-element_type=\"widget\" data-e-type=\"widget\" data-widget_type=\"text-editor.default\">\n\t\t\t\t<div class=\"elementor-widget-container\">\n\t\t\t\t\t\t\t\t\t<p>El cambio clim\u00e1tico est\u00e1 trastornando nuestra forma de vida: el aumento de las temperaturas en <br>, los cambios meteorol\u00f3gicos extremos y la subida del nivel del mar amenazan <br>nuestra salud, nuestras fuentes de alimentos e incluso el agua que bebemos. <br>El futuro es terrible si <strong>no actuamos para conseguir un planeta sostenible.<\/strong><\/p>\t\t\t\t\t\t\t\t<\/div>\n\t\t\t\t<\/div>\n\t\t\t\t<div class=\"elementor-element elementor-element-7cfc942 elementor-widget elementor-widget-text-editor\" data-id=\"7cfc942\" data-element_type=\"widget\" data-e-type=\"widget\" data-widget_type=\"text-editor.default\">\n\t\t\t\t<div class=\"elementor-widget-container\">\n\t\t\t\t\t\t\t\t\t<p>La cuesti\u00f3n es que las cosas m\u00e1s simples pueden marcar la diferencia si todos <br>H\u00e1ganlo juntos. <strong>Este portal Carbon Challenge es divertido y f\u00e1cil de usar<\/strong> <br>plataforma que muestra c\u00f3mo los cambios simples en el estilo de vida pueden tener un impacto en <br>huella de carbono y contribuir a la reducci\u00f3n global de carbono. <br>No hace falta un gran gesto para marcar la diferencia: vivir de forma m\u00e1s sostenible <br>\u00a1Como usar una bolsa ecol\u00f3gica reutilizable puede significar mucho! Y juntos, <br>podemos dejar el planeta mejor de lo que lo encontramos para las generaciones futuras. <\/p>\t\t\t\t\t\t\t\t<\/div>\n\t\t\t\t<\/div>\n\t\t\t\t<div class=\"elementor-element elementor-element-74de5e9 elementor-widget elementor-widget-text-editor\" data-id=\"74de5e9\" data-element_type=\"widget\" data-e-type=\"widget\" data-widget_type=\"text-editor.default\">\n\t\t\t\t<div class=\"elementor-widget-container\">\n\t\t\t\t\t\t\t\t\t<p>Los retos se agrupan en torno a <strong>cinco (5) \u00e1reas clave de acci\u00f3n medioambiental.<\/strong> <br>Nuestros c\u00e1lculos de carbono son verificados por un auditor externo: TUV South Asia.<br>Para m\u00e1s detalles, consulta nuestra metodolog\u00eda <a href=\"https:\/\/carbonchallenge.concentrix.com\/wp-content\/uploads\/2024\/06\/CarbonChallengeMethodology.pdf\">aqu\u00ed<\/a>.<\/p>\t\t\t\t\t\t\t\t<\/div>\n\t\t\t\t<\/div>\n\t\t\t\t<div class=\"elementor-element elementor-element-d67017b elementor-widget elementor-widget-text-editor\" data-id=\"d67017b\" data-element_type=\"widget\" data-e-type=\"widget\" data-widget_type=\"text-editor.default\">\n\t\t\t\t<div class=\"elementor-widget-container\">\n\t\t\t\t\t\t\t\t\t<p>\u00a1Puedes ganar una <strong>insignia de Ecocampe\u00f3n! <\/strong> <\/p>\t\t\t\t\t\t\t\t<\/div>\n\t\t\t\t<\/div>\n\t\t\t\t<div class=\"elementor-element elementor-element-0a5e2f5 elementor-widget elementor-widget-text-editor\" data-id=\"0a5e2f5\" data-element_type=\"widget\" data-e-type=\"widget\" data-widget_type=\"text-editor.default\">\n\t\t\t\t<div class=\"elementor-widget-container\">\n\t\t\t\t\t\t\t\t\tPara m\u00e1s detalles, <a class=\"badge\" href=\"#\">haz clic aqu\u00ed<\/a>\t\t\t\t\t\t\t\t<\/div>\n\t\t\t\t<\/div>\n\t\t\t\t<div class=\"elementor-element elementor-element-47f2c33 elementor-widget elementor-widget-image\" data-id=\"47f2c33\" data-element_type=\"widget\" data-e-type=\"widget\" data-widget_type=\"image.default\">\n\t\t\t\t<div class=\"elementor-widget-container\">\n\t\t\t\t\t\t\t\t\t\t\t\t\t\t\t<img fetchpriority=\"high\" decoding=\"async\" width=\"512\" height=\"512\" src=\"https:\/\/carbonchallenge.concentrix.com\/app\/uploads\/2024\/05\/cropped-CarbonChallenge.png\" class=\"attachment-large size-large wp-image-2279\" alt=\"\" srcset=\"https:\/\/carbonchallenge.concentrix.com\/app\/uploads\/2024\/05\/cropped-CarbonChallenge.png 512w, https:\/\/carbonchallenge.concentrix.com\/app\/uploads\/2024\/05\/cropped-CarbonChallenge-300x300.png 300w, https:\/\/carbonchallenge.concentrix.com\/app\/uploads\/2024\/05\/cropped-CarbonChallenge-150x150.png 150w, https:\/\/carbonchallenge.concentrix.com\/app\/uploads\/2024\/05\/cropped-CarbonChallenge-270x270.png 270w, https:\/\/carbonchallenge.concentrix.com\/app\/uploads\/2024\/05\/cropped-CarbonChallenge-192x192.png 192w, https:\/\/carbonchallenge.concentrix.com\/app\/uploads\/2024\/05\/cropped-CarbonChallenge-180x180.png 180w, https:\/\/carbonchallenge.concentrix.com\/app\/uploads\/2024\/05\/cropped-CarbonChallenge-32x32.png 32w\" sizes=\"(max-width: 512px) 100vw, 512px\" \/>\t\t\t\t\t\t\t\t\t\t\t\t\t\t\t<\/div>\n\t\t\t\t<\/div>\n\t\t\t\t\t<\/div>\n\t\t<\/div>\n\t\t\t\t\t<\/div>\n\t\t<\/section>\n\t\t\t\t<div class=\"elementor-element elementor-element-f06eccb elementor-widget elementor-widget-spacer\" data-id=\"f06eccb\" data-element_type=\"widget\" data-e-type=\"widget\" data-widget_type=\"spacer.default\">\n\t\t\t\t<div class=\"elementor-widget-container\">\n\t\t\t\t\t\t\t<div class=\"elementor-spacer\">\n\t\t\t<div class=\"elementor-spacer-inner\"><\/div>\n\t\t<\/div>\n\t\t\t\t\t\t<\/div>\n\t\t\t\t<\/div>\n\t\t\t\t\t<\/div>\n\t\t<\/div>\n\t\t\t\t\t<\/div>\n\t\t<\/section>\n\t\t\t\t<\/div>\n\t\t","protected":false},"excerpt":{"rendered":"<p>Acerca de laCarbono Desafiar Es hora de hacer algo por el planeta. El cambio clim\u00e1tico est\u00e1 trastornando nuestra forma de vida: el aumento de las temperaturas en , los cambios meteorol\u00f3gicos extremos y la subida del nivel del mar amenazan nuestra salud, nuestras fuentes de alimentos e incluso el agua que bebemos. El futuro es [&hellip;]<\/p>\n","protected":false},"author":1,"featured_media":0,"parent":0,"menu_order":0,"comment_status":"closed","ping_status":"closed","template":"elementor_header_footer","meta":{"footnotes":""},"class_list":["post-3659","page","type-page","status-publish","hentry"],"_links":{"self":[{"href":"https:\/\/carbonchallenge.concentrix.com\/es\/wp-json\/wp\/v2\/pages\/3659","targetHints":{"allow":["GET"]}}],"collection":[{"href":"https:\/\/carbonchallenge.concentrix.com\/es\/wp-json\/wp\/v2\/pages"}],"about":[{"href":"https:\/\/carbonchallenge.concentrix.com\/es\/wp-json\/wp\/v2\/types\/page"}],"author":[{"embeddable":true,"href":"https:\/\/carbonchallenge.concentrix.com\/es\/wp-json\/wp\/v2\/users\/1"}],"replies":[{"embeddable":true,"href":"https:\/\/carbonchallenge.concentrix.com\/es\/wp-json\/wp\/v2\/comments?post=3659"}],"version-history":[{"count":2,"href":"https:\/\/carbonchallenge.concentrix.com\/es\/wp-json\/wp\/v2\/pages\/3659\/revisions"}],"predecessor-version":[{"id":40045,"href":"https:\/\/carbonchallenge.concentrix.com\/es\/wp-json\/wp\/v2\/pages\/3659\/revisions\/40045"}],"wp:attachment":[{"href":"https:\/\/carbonchallenge.concentrix.com\/es\/wp-json\/wp\/v2\/media?parent=3659"}],"curies":[{"name":"wp","href":"https:\/\/api.w.org\/{rel}","templated":true}]}}