{"id":3663,"date":"2024-06-17T17:41:19","date_gmt":"2024-06-17T09:41:19","guid":{"rendered":"https:\/\/carbonchallenge.concentrix.com\/ueber\/"},"modified":"2025-08-08T16:36:30","modified_gmt":"2025-08-08T08:36:30","slug":"ueber","status":"publish","type":"page","link":"https:\/\/carbonchallenge.concentrix.com\/de\/ueber\/","title":{"rendered":"\u00dcber"},"content":{"rendered":"\t\t<div data-elementor-type=\"wp-page\" data-elementor-id=\"3663\" class=\"elementor elementor-3663 elementor-197\" data-elementor-post-type=\"page\">\n\t\t\t\t\t\t<section class=\"elementor-section elementor-top-section elementor-element elementor-element-531e986 elementor-section-boxed elementor-section-height-default elementor-section-height-default\" data-id=\"531e986\" data-element_type=\"section\" data-e-type=\"section\" data-settings=\"{&quot;background_background&quot;:&quot;classic&quot;}\">\n\t\t\t\t\t\t\t<div class=\"elementor-background-overlay\"><\/div>\n\t\t\t\t\t\t\t<div class=\"elementor-container elementor-column-gap-default\">\n\t\t\t\t\t<div class=\"elementor-column elementor-col-100 elementor-top-column elementor-element elementor-element-b4f178c\" data-id=\"b4f178c\" data-element_type=\"column\" data-e-type=\"column\">\n\t\t\t<div class=\"elementor-widget-wrap elementor-element-populated\">\n\t\t\t\t\t\t<div class=\"elementor-element elementor-element-9c9d299 elementor-widget elementor-widget-spacer\" data-id=\"9c9d299\" data-element_type=\"widget\" data-e-type=\"widget\" data-widget_type=\"spacer.default\">\n\t\t\t\t<div class=\"elementor-widget-container\">\n\t\t\t\t\t\t\t<div class=\"elementor-spacer\">\n\t\t\t<div class=\"elementor-spacer-inner\"><\/div>\n\t\t<\/div>\n\t\t\t\t\t\t<\/div>\n\t\t\t\t<\/div>\n\t\t\t\t<section class=\"elementor-section elementor-inner-section elementor-element elementor-element-f7374f3 elementor-hidden-tablet elementor-section-boxed elementor-section-height-default elementor-section-height-default\" data-id=\"f7374f3\" data-element_type=\"section\" data-e-type=\"section\">\n\t\t\t\t\t\t<div class=\"elementor-container elementor-column-gap-default\">\n\t\t\t\t\t<div class=\"elementor-column elementor-col-50 elementor-inner-column elementor-element elementor-element-e3b6c9d\" data-id=\"e3b6c9d\" data-element_type=\"column\" data-e-type=\"column\">\n\t\t\t<div class=\"elementor-widget-wrap elementor-element-populated\">\n\t\t\t\t\t\t<div class=\"elementor-element elementor-element-f952efb elementor-widget elementor-widget-heading\" data-id=\"f952efb\" data-element_type=\"widget\" data-e-type=\"widget\" data-widget_type=\"heading.default\">\n\t\t\t\t<div class=\"elementor-widget-container\">\n\t\t\t\t\t<h2 class=\"elementor-heading-title elementor-size-default\">\u00dcber die<br><strong>Kohlenstoff <br>Herausforderung<\/strong>\n\n<\/h2>\t\t\t\t<\/div>\n\t\t\t\t<\/div>\n\t\t\t\t\t<\/div>\n\t\t<\/div>\n\t\t\t\t<div class=\"elementor-column elementor-col-50 elementor-inner-column elementor-element elementor-element-e80de25\" data-id=\"e80de25\" data-element_type=\"column\" data-e-type=\"column\" data-settings=\"{&quot;background_background&quot;:&quot;classic&quot;}\">\n\t\t\t<div class=\"elementor-widget-wrap elementor-element-populated\">\n\t\t\t\t\t\t<div class=\"elementor-element elementor-element-bdcb8a9 elementor-widget elementor-widget-heading\" data-id=\"bdcb8a9\" data-element_type=\"widget\" data-e-type=\"widget\" data-widget_type=\"heading.default\">\n\t\t\t\t<div class=\"elementor-widget-container\">\n\t\t\t\t\t<h2 class=\"elementor-heading-title elementor-size-default\">Es ist an der Zeit, etwas f\u00fcr\n<\/h2>\t\t\t\t<\/div>\n\t\t\t\t<\/div>\n\t\t\t\t<div class=\"elementor-element elementor-element-e60e74a elementor-widget elementor-widget-heading\" data-id=\"e60e74a\" data-element_type=\"widget\" data-e-type=\"widget\" data-widget_type=\"heading.default\">\n\t\t\t\t<div class=\"elementor-widget-container\">\n\t\t\t\t\t<h2 class=\"elementor-heading-title elementor-size-default\">den Planeten.<\/h2>\t\t\t\t<\/div>\n\t\t\t\t<\/div>\n\t\t\t\t<div class=\"elementor-element elementor-element-e5e79d7 elementor-widget elementor-widget-text-editor\" data-id=\"e5e79d7\" data-element_type=\"widget\" data-e-type=\"widget\" data-widget_type=\"text-editor.default\">\n\t\t\t\t<div class=\"elementor-widget-container\">\n\t\t\t\t\t\t\t\t\t<p>Der Klimawandel ver\u00e4ndert die Art und Weise, wie wir leben &#8211; mit steigenden <br>Temperaturen, extremen Wetterver\u00e4nderungen und steigenden Meeresspiegeln, die unsere Gesundheit, unsere Nahrungsquellen und sogar das Wasser, das wir trinken, bedrohen <br>. <br>Die Zukunft ist d\u00fcster &#8211; wenn wir <strong>keine Ma\u00dfnahmen f\u00fcr einen nachhaltigen Planeten ergreifen.<\/strong><\/p>\t\t\t\t\t\t\t\t<\/div>\n\t\t\t\t<\/div>\n\t\t\t\t<div class=\"elementor-element elementor-element-f878abf elementor-widget elementor-widget-text-editor\" data-id=\"f878abf\" data-element_type=\"widget\" data-e-type=\"widget\" data-widget_type=\"text-editor.default\">\n\t\t\t\t<div class=\"elementor-widget-container\">\n\t\t\t\t\t\t\t\t\t<p>Die Sache ist die, dass die einfachsten Dinge tats\u00e4chlich einen Unterschied machen k\u00f6nnen, wenn wir alle <br>Tun Sie es gemeinsam. <strong>Dieses Carbon Challenge-Portal ist ein unterhaltsames und einfach zu bedienendes<\/strong> <br>Plattform, die zeigt, wie einfache \u00c4nderungen des Lebensstils Auswirkungen auf die <br>den eigenen CO2-Fu\u00dfabdruck zu verringern und zur globalen Kohlenstoffreduzierung beizutragen. <br>Es braucht keine gro\u00dfe Geste, um etwas zu bewirken \u2013 nachhaltiger zu leben <br>Zum Beispiel, dass die Verwendung eines wiederverwendbaren EcoBags viel bedeuten kann! Und gemeinsam, <br>Wir k\u00f6nnen den Planeten f\u00fcr zuk\u00fcnftige Generationen besser hinterlassen, als wir ihn vorgefunden haben. <\/p>\t\t\t\t\t\t\t\t<\/div>\n\t\t\t\t<\/div>\n\t\t\t\t<div class=\"elementor-element elementor-element-7950fec elementor-widget elementor-widget-text-editor\" data-id=\"7950fec\" data-element_type=\"widget\" data-e-type=\"widget\" data-widget_type=\"text-editor.default\">\n\t\t\t\t<div class=\"elementor-widget-container\">\n\t\t\t\t\t\t\t\t\t<p>Die Herausforderungen gruppieren sich um <strong>f\u00fcnf (5) Schl\u00fcsselbereiche f\u00fcr Umweltma\u00dfnahmen.<\/strong> <br>Unsere Kohlenstoffberechnungen werden von einem externen Pr\u00fcfer &#8211; T\u00dcV South Asia &#8211; verifiziert.<br>Weitere Einzelheiten zu unserer Methodik finden Sie <a href=\"https:\/\/carbonchallenge.concentrix.com\/app\/uploads\/2025\/08\/Carbon-Challenge-Methodology.pdf\">hier<\/a>.<\/p>\t\t\t\t\t\t\t\t<\/div>\n\t\t\t\t<\/div>\n\t\t\t\t<div class=\"elementor-element elementor-element-8485a20 elementor-widget elementor-widget-text-editor\" data-id=\"8485a20\" data-element_type=\"widget\" data-e-type=\"widget\" data-widget_type=\"text-editor.default\">\n\t\t\t\t<div class=\"elementor-widget-container\">\n\t\t\t\t\t\t\t\t\t<p>Sie k\u00f6nnen sich ein <strong>Eco-Champion-Abzeichen verdienen! <\/strong> <\/p>\t\t\t\t\t\t\t\t<\/div>\n\t\t\t\t<\/div>\n\t\t\t\t<div class=\"elementor-element elementor-element-712aa51 elementor-widget elementor-widget-text-editor\" data-id=\"712aa51\" data-element_type=\"widget\" data-e-type=\"widget\" data-widget_type=\"text-editor.default\">\n\t\t\t\t<div class=\"elementor-widget-container\">\n\t\t\t\t\t\t\t\t\tF\u00fcr weitere Informationen <a class=\"badge\" href=\"#\">klicken Sie bitte hier<\/a>\t\t\t\t\t\t\t\t<\/div>\n\t\t\t\t<\/div>\n\t\t\t\t<div class=\"elementor-element elementor-element-16dac9b elementor-widget elementor-widget-image\" data-id=\"16dac9b\" data-element_type=\"widget\" data-e-type=\"widget\" data-widget_type=\"image.default\">\n\t\t\t\t<div class=\"elementor-widget-container\">\n\t\t\t\t\t\t\t\t\t\t\t\t\t\t\t<img fetchpriority=\"high\" decoding=\"async\" width=\"512\" height=\"512\" src=\"https:\/\/carbonchallenge.concentrix.com\/app\/uploads\/2024\/05\/cropped-CarbonChallenge.png\" class=\"attachment-large size-large wp-image-2271\" alt=\"\" srcset=\"https:\/\/carbonchallenge.concentrix.com\/app\/uploads\/2024\/05\/cropped-CarbonChallenge.png 512w, https:\/\/carbonchallenge.concentrix.com\/app\/uploads\/2024\/05\/cropped-CarbonChallenge-300x300.png 300w, https:\/\/carbonchallenge.concentrix.com\/app\/uploads\/2024\/05\/cropped-CarbonChallenge-150x150.png 150w, https:\/\/carbonchallenge.concentrix.com\/app\/uploads\/2024\/05\/cropped-CarbonChallenge-270x270.png 270w, https:\/\/carbonchallenge.concentrix.com\/app\/uploads\/2024\/05\/cropped-CarbonChallenge-192x192.png 192w, https:\/\/carbonchallenge.concentrix.com\/app\/uploads\/2024\/05\/cropped-CarbonChallenge-180x180.png 180w, https:\/\/carbonchallenge.concentrix.com\/app\/uploads\/2024\/05\/cropped-CarbonChallenge-32x32.png 32w\" sizes=\"(max-width: 512px) 100vw, 512px\" \/>\t\t\t\t\t\t\t\t\t\t\t\t\t\t\t<\/div>\n\t\t\t\t<\/div>\n\t\t\t\t\t<\/div>\n\t\t<\/div>\n\t\t\t\t\t<\/div>\n\t\t<\/section>\n\t\t\t\t<section class=\"elementor-section elementor-inner-section elementor-element elementor-element-9019159 elementor-hidden-desktop elementor-hidden-mobile elementor-section-boxed elementor-section-height-default elementor-section-height-default\" data-id=\"9019159\" data-element_type=\"section\" data-e-type=\"section\">\n\t\t\t\t\t\t<div class=\"elementor-container elementor-column-gap-default\">\n\t\t\t\t\t<div class=\"elementor-column elementor-col-100 elementor-inner-column elementor-element elementor-element-d69fa49\" data-id=\"d69fa49\" data-element_type=\"column\" data-e-type=\"column\">\n\t\t\t<div class=\"elementor-widget-wrap elementor-element-populated\">\n\t\t\t\t\t\t<div class=\"elementor-element elementor-element-9979eb9 elementor-widget elementor-widget-heading\" data-id=\"9979eb9\" data-element_type=\"widget\" data-e-type=\"widget\" data-widget_type=\"heading.default\">\n\t\t\t\t<div class=\"elementor-widget-container\">\n\t\t\t\t\t<h2 class=\"elementor-heading-title elementor-size-default\">\u00dcber die<br><strong>Herausforderung Kohlenstoff \n<\/strong>\n\n<\/h2>\t\t\t\t<\/div>\n\t\t\t\t<\/div>\n\t\t\t\t\t<\/div>\n\t\t<\/div>\n\t\t\t\t\t<\/div>\n\t\t<\/section>\n\t\t\t\t<section class=\"elementor-section elementor-inner-section elementor-element elementor-element-d431413 elementor-hidden-desktop elementor-hidden-mobile elementor-section-boxed elementor-section-height-default elementor-section-height-default\" data-id=\"d431413\" data-element_type=\"section\" data-e-type=\"section\">\n\t\t\t\t\t\t<div class=\"elementor-container elementor-column-gap-default\">\n\t\t\t\t\t<div class=\"elementor-column elementor-col-100 elementor-inner-column elementor-element elementor-element-348370a\" data-id=\"348370a\" data-element_type=\"column\" data-e-type=\"column\" data-settings=\"{&quot;background_background&quot;:&quot;classic&quot;}\">\n\t\t\t<div class=\"elementor-widget-wrap elementor-element-populated\">\n\t\t\t\t\t\t<div class=\"elementor-element elementor-element-bbc0415 elementor-widget-tablet__width-initial elementor-widget elementor-widget-heading\" data-id=\"bbc0415\" data-element_type=\"widget\" data-e-type=\"widget\" data-widget_type=\"heading.default\">\n\t\t\t\t<div class=\"elementor-widget-container\">\n\t\t\t\t\t<h2 class=\"elementor-heading-title elementor-size-default\">Es ist an der Zeit, etwas f\u00fcr\n<\/h2>\t\t\t\t<\/div>\n\t\t\t\t<\/div>\n\t\t\t\t<div class=\"elementor-element elementor-element-29020b4 elementor-widget-tablet__width-initial elementor-widget elementor-widget-heading\" data-id=\"29020b4\" data-element_type=\"widget\" data-e-type=\"widget\" data-widget_type=\"heading.default\">\n\t\t\t\t<div class=\"elementor-widget-container\">\n\t\t\t\t\t<h2 class=\"elementor-heading-title elementor-size-default\">den Planeten.<\/h2>\t\t\t\t<\/div>\n\t\t\t\t<\/div>\n\t\t\t\t<div class=\"elementor-element elementor-element-47f5aba elementor-widget elementor-widget-text-editor\" data-id=\"47f5aba\" data-element_type=\"widget\" data-e-type=\"widget\" data-widget_type=\"text-editor.default\">\n\t\t\t\t<div class=\"elementor-widget-container\">\n\t\t\t\t\t\t\t\t\t<p>Der Klimawandel ver\u00e4ndert die Art und Weise, wie wir leben &#8211; mit steigenden <br>Temperaturen, extremen Wetterver\u00e4nderungen und steigenden Meeresspiegeln, die unsere Gesundheit, unsere Nahrungsquellen und sogar das Wasser, das wir trinken, bedrohen <br>. <br>Die Zukunft ist d\u00fcster &#8211; wenn wir <strong>keine Ma\u00dfnahmen f\u00fcr einen nachhaltigen Planeten ergreifen.<\/strong><\/p>\t\t\t\t\t\t\t\t<\/div>\n\t\t\t\t<\/div>\n\t\t\t\t<div class=\"elementor-element elementor-element-7cfc942 elementor-widget elementor-widget-text-editor\" data-id=\"7cfc942\" data-element_type=\"widget\" data-e-type=\"widget\" data-widget_type=\"text-editor.default\">\n\t\t\t\t<div class=\"elementor-widget-container\">\n\t\t\t\t\t\t\t\t\t<p>Die Sache ist die, dass die einfachsten Dinge tats\u00e4chlich einen Unterschied machen k\u00f6nnen, wenn wir alle <br>Tun Sie es gemeinsam. <strong>Dieses Carbon Challenge-Portal ist ein unterhaltsames und einfach zu bedienendes<\/strong> <br>Plattform, die zeigt, wie einfache \u00c4nderungen des Lebensstils Auswirkungen auf die <br>den eigenen CO2-Fu\u00dfabdruck zu verringern und zur globalen Kohlenstoffreduzierung beizutragen. <br>Es braucht keine gro\u00dfe Geste, um etwas zu bewirken \u2013 nachhaltiger zu leben <br>Zum Beispiel, dass die Verwendung eines wiederverwendbaren EcoBags viel bedeuten kann! Und gemeinsam, <br>Wir k\u00f6nnen den Planeten f\u00fcr zuk\u00fcnftige Generationen besser hinterlassen, als wir ihn vorgefunden haben. <\/p>\t\t\t\t\t\t\t\t<\/div>\n\t\t\t\t<\/div>\n\t\t\t\t<div class=\"elementor-element elementor-element-74de5e9 elementor-widget elementor-widget-text-editor\" data-id=\"74de5e9\" data-element_type=\"widget\" data-e-type=\"widget\" data-widget_type=\"text-editor.default\">\n\t\t\t\t<div class=\"elementor-widget-container\">\n\t\t\t\t\t\t\t\t\t<p>Die Herausforderungen gruppieren sich um <strong>f\u00fcnf (5) Schl\u00fcsselbereiche f\u00fcr Umweltma\u00dfnahmen.<\/strong> <br>Unsere Kohlenstoffberechnungen werden von einem externen Pr\u00fcfer &#8211; T\u00dcV South Asia &#8211; verifiziert.<br>Weitere Einzelheiten zu unserer Methodik finden Sie <a href=\"https:\/\/carbonchallenge.concentrix.com\/wp-content\/uploads\/2024\/06\/CarbonChallengeMethodology.pdf\">hier<\/a>.<\/p>\t\t\t\t\t\t\t\t<\/div>\n\t\t\t\t<\/div>\n\t\t\t\t<div class=\"elementor-element elementor-element-d67017b elementor-widget elementor-widget-text-editor\" data-id=\"d67017b\" data-element_type=\"widget\" data-e-type=\"widget\" data-widget_type=\"text-editor.default\">\n\t\t\t\t<div class=\"elementor-widget-container\">\n\t\t\t\t\t\t\t\t\t<p>Sie k\u00f6nnen sich ein <strong>Eco-Champion-Abzeichen verdienen! <\/strong> <\/p>\t\t\t\t\t\t\t\t<\/div>\n\t\t\t\t<\/div>\n\t\t\t\t<div class=\"elementor-element elementor-element-0a5e2f5 elementor-widget elementor-widget-text-editor\" data-id=\"0a5e2f5\" data-element_type=\"widget\" data-e-type=\"widget\" data-widget_type=\"text-editor.default\">\n\t\t\t\t<div class=\"elementor-widget-container\">\n\t\t\t\t\t\t\t\t\tF\u00fcr weitere Informationen <a class=\"badge\" href=\"#\">klicken Sie bitte hier<\/a>\t\t\t\t\t\t\t\t<\/div>\n\t\t\t\t<\/div>\n\t\t\t\t<div class=\"elementor-element elementor-element-47f2c33 elementor-widget elementor-widget-image\" data-id=\"47f2c33\" data-element_type=\"widget\" data-e-type=\"widget\" data-widget_type=\"image.default\">\n\t\t\t\t<div class=\"elementor-widget-container\">\n\t\t\t\t\t\t\t\t\t\t\t\t\t\t\t<img fetchpriority=\"high\" decoding=\"async\" width=\"512\" height=\"512\" src=\"https:\/\/carbonchallenge.concentrix.com\/app\/uploads\/2024\/05\/cropped-CarbonChallenge.png\" class=\"attachment-large size-large wp-image-2271\" alt=\"\" srcset=\"https:\/\/carbonchallenge.concentrix.com\/app\/uploads\/2024\/05\/cropped-CarbonChallenge.png 512w, https:\/\/carbonchallenge.concentrix.com\/app\/uploads\/2024\/05\/cropped-CarbonChallenge-300x300.png 300w, https:\/\/carbonchallenge.concentrix.com\/app\/uploads\/2024\/05\/cropped-CarbonChallenge-150x150.png 150w, https:\/\/carbonchallenge.concentrix.com\/app\/uploads\/2024\/05\/cropped-CarbonChallenge-270x270.png 270w, https:\/\/carbonchallenge.concentrix.com\/app\/uploads\/2024\/05\/cropped-CarbonChallenge-192x192.png 192w, https:\/\/carbonchallenge.concentrix.com\/app\/uploads\/2024\/05\/cropped-CarbonChallenge-180x180.png 180w, https:\/\/carbonchallenge.concentrix.com\/app\/uploads\/2024\/05\/cropped-CarbonChallenge-32x32.png 32w\" sizes=\"(max-width: 512px) 100vw, 512px\" \/>\t\t\t\t\t\t\t\t\t\t\t\t\t\t\t<\/div>\n\t\t\t\t<\/div>\n\t\t\t\t\t<\/div>\n\t\t<\/div>\n\t\t\t\t\t<\/div>\n\t\t<\/section>\n\t\t\t\t<div class=\"elementor-element elementor-element-f06eccb elementor-widget elementor-widget-spacer\" data-id=\"f06eccb\" data-element_type=\"widget\" data-e-type=\"widget\" data-widget_type=\"spacer.default\">\n\t\t\t\t<div class=\"elementor-widget-container\">\n\t\t\t\t\t\t\t<div class=\"elementor-spacer\">\n\t\t\t<div class=\"elementor-spacer-inner\"><\/div>\n\t\t<\/div>\n\t\t\t\t\t\t<\/div>\n\t\t\t\t<\/div>\n\t\t\t\t\t<\/div>\n\t\t<\/div>\n\t\t\t\t\t<\/div>\n\t\t<\/section>\n\t\t\t\t<\/div>\n\t\t","protected":false},"excerpt":{"rendered":"<p>\u00dcber dieKohlenstoff Herausforderung Es ist an der Zeit, etwas f\u00fcr den Planeten. Der Klimawandel ver\u00e4ndert die Art und Weise, wie wir leben &#8211; mit steigenden Temperaturen, extremen Wetterver\u00e4nderungen und steigenden Meeresspiegeln, die unsere Gesundheit, unsere Nahrungsquellen und sogar das Wasser, das wir trinken, bedrohen . Die Zukunft ist d\u00fcster &#8211; wenn wir keine Ma\u00dfnahmen f\u00fcr [&hellip;]<\/p>\n","protected":false},"author":1,"featured_media":0,"parent":0,"menu_order":0,"comment_status":"closed","ping_status":"closed","template":"elementor_header_footer","meta":{"footnotes":""},"class_list":["post-3663","page","type-page","status-publish","hentry"],"_links":{"self":[{"href":"https:\/\/carbonchallenge.concentrix.com\/de\/wp-json\/wp\/v2\/pages\/3663","targetHints":{"allow":["GET"]}}],"collection":[{"href":"https:\/\/carbonchallenge.concentrix.com\/de\/wp-json\/wp\/v2\/pages"}],"about":[{"href":"https:\/\/carbonchallenge.concentrix.com\/de\/wp-json\/wp\/v2\/types\/page"}],"author":[{"embeddable":true,"href":"https:\/\/carbonchallenge.concentrix.com\/de\/wp-json\/wp\/v2\/users\/1"}],"replies":[{"embeddable":true,"href":"https:\/\/carbonchallenge.concentrix.com\/de\/wp-json\/wp\/v2\/comments?post=3663"}],"version-history":[{"count":2,"href":"https:\/\/carbonchallenge.concentrix.com\/de\/wp-json\/wp\/v2\/pages\/3663\/revisions"}],"predecessor-version":[{"id":40036,"href":"https:\/\/carbonchallenge.concentrix.com\/de\/wp-json\/wp\/v2\/pages\/3663\/revisions\/40036"}],"wp:attachment":[{"href":"https:\/\/carbonchallenge.concentrix.com\/de\/wp-json\/wp\/v2\/media?parent=3663"}],"curies":[{"name":"wp","href":"https:\/\/api.w.org\/{rel}","templated":true}]}}